{"id":4,"date":"2019-01-31T15:28:40","date_gmt":"2019-01-31T15:28:40","guid":{"rendered":"https:\/\/asebioevents.com\/agrobiotecnologia\/?page_id=4"},"modified":"2020-11-26T09:11:37","modified_gmt":"2020-11-26T09:11:37","slug":"programa","status":"publish","type":"page","link":"https:\/\/asebioevents.com\/green\/programa\/","title":{"rendered":"Programa"},"content":{"rendered":"[mk_page_section bg_image=\u00bbhttps:\/\/asebioevents.com\/green\/wp-content\/uploads\/sites\/3\/2019\/01\/agrobio.jpg\u00bb bg_position=\u00bbcenter top\u00bb bg_repeat=\u00bbno-repeat\u00bb bg_stretch=\u00bbtrue\u00bb video_color_mask=\u00bbrgba(77,140,43,0.6)\u00bb video_opacity=\u00bb0.5&#8243; min_height=\u00bb275&#8243; full_width=\u00bbtrue\u00bb sidebar=\u00bbsidebar-1&#8243;][vc_column][mk_padding_divider size=\u00bb78&#8243;][vc_column_text css=\u00bb.vc_custom_1551792503480{margin-bottom: 0px !important;}\u00bb]\n<h2 style=\"text-align: center;\"><span style=\"color: #ffffff;\">PROGRAMA<\/span><\/h2>\n[\/vc_column_text][\/vc_column][\/mk_page_section][mk_page_section][vc_column][mk_padding_divider size=\u00bb78&#8243;][vc_row_inner][vc_column_inner][vc_column_text css=\u00bb.vc_custom_1602788392853{margin-bottom: 0px !important;}\u00bb]\n<h1><span style=\"color: #339966;\">PROGRAMA PRELIMINAR<\/span><\/h1>\n[\/vc_column_text][mk_padding_divider][\/vc_column_inner][\/vc_row_inner][vc_column_text css=\u00bb.vc_custom_1606287373020{margin-bottom: 0px !important;}\u00bb]<strong>Sigue el programa en directo aqu\u00ed:<\/strong>[\/vc_column_text][vc_video link=\u00bbhttps:\/\/www.youtube.com\/watch?v=ZhgkAjsxik0&#8243;][\/vc_column][\/mk_page_section][mk_page_section][vc_column][vc_tta_accordion style=\u00bboutline\u00bb shape=\u00bbsquare\u00bb color=\u00bbvista-blue\u00bb spacing=\u00bb4&#8243; gap=\u00bb4&#8243; c_icon=\u00bbchevron\u00bb active_section=\u00bb1&#8243; collapsible_all=\u00bbtrue\u00bb][vc_tta_section title=\u00bb24 de Noviembre, 2020&#8243; tab_id=\u00bb1602768504912-412f6e8b-cc76&#8243;][vc_row_inner][vc_column_inner width=\u00bb1\/4&#8243;][vc_column_text css=\u00bb.vc_custom_1605639461730{margin-bottom: 0px !important;}\u00bb]\n<h2 style=\"text-align: left;\"><span style=\"color: #ff0000;\">10:15 &#8211; 10:30<\/span><\/h2>\n[\/vc_column_text][\/vc_column_inner][vc_column_inner width=\u00bb3\/4&#8243;][vc_column_text css=\u00bb.vc_custom_1602769076951{margin-bottom: 0px !important;}\u00bb]\n<h2><span style=\"color: #ff0000;\">Palabras de Bienvenida<\/span><\/h2>\n[\/vc_column_text][\/vc_column_inner][\/vc_row_inner][vc_row_inner][vc_column_inner width=\u00bb1\/4&#8243;][mk_padding_divider][\/vc_column_inner][vc_column_inner width=\u00bb3\/4&#8243;][vc_column_text css=\u00bb.vc_custom_1605773608126{margin-bottom: 0px !important;}\u00bb]\n<h4><span style=\"color: #000000;\"><strong>Ana Polanco<\/strong><\/span>, Presidenta,\u00a0 Asociaci\u00f3n Espa\u00f1ola de Bioempresas (AseBio).<\/h4>\n[\/vc_column_text][\/vc_column_inner][\/vc_row_inner][mk_padding_divider][vc_row_inner][vc_column_inner width=\u00bb1\/4&#8243;][vc_column_text css=\u00bb.vc_custom_1606206870493{margin-bottom: 0px !important;}\u00bb]\n<h2 style=\"text-align: left;\"><span style=\"color: #ff0000;\">10:30 &#8211; 11:20<\/span><\/h2>\n[\/vc_column_text][\/vc_column_inner][vc_column_inner width=\u00bb3\/4&#8243;][vc_column_text css=\u00bb.vc_custom_1605088708274{margin-bottom: 0px !important;}\u00bb]\n<h2><span style=\"color: #ff0000;\">Presentaci\u00f3n de empresa \/ proyectos<\/span><\/h2>\n[\/vc_column_text][\/vc_column_inner][\/vc_row_inner][vc_row_inner][vc_column_inner width=\u00bb2\/3&#8243;][vc_column_text css=\u00bb.vc_custom_1605706963063{margin-bottom: 0px !important;}\u00bb]10:30 &#8211; 10:35\u00a0 \u00a0 \u00a0 \u00a0 \u00a0 \u00a0 \u00a0 <strong>Mar\u00eda Segura,<\/strong> <span style=\"color: #000000;\"><strong>AlgaEnergy<\/strong><\/span><\/p>\n<p>10:35 &#8211; 10:40\u00a0 \u00a0 \u00a0 \u00a0 \u00a0 \u00a0 \u00a0 <strong>Richard Borreani, Bayer CropScience<\/strong><\/p>\n<p>10:40 &#8211; 10:45\u00a0 \u00a0 \u00a0 \u00a0 \u00a0 \u00a0 \u00a0 <strong>Goizeder Barberena,<\/strong> <span style=\"color: #000000;\"><strong>CENER\u00a0<\/strong><\/span><\/p>\n<p>10:45 &#8211; 10:50\u00a0 \u00a0 \u00a0 \u00a0 \u00a0 \u00a0 \u00a0 <strong>Francisco Pizarro,<\/strong> <span style=\"color: #000000;\"><strong>CICYTEX<\/strong><\/span><\/p>\n<p>10:50 &#8211; 10:55 \u00a0 \u00a0 \u00a0 \u00a0 \u00a0 \u00a0 \u00a0 <strong>Javier D\u00e1vila,<\/strong> <span style=\"color: #000000;\"><strong>Drop &amp; Bubbles Technology<\/strong><\/span><\/p>\n<p>10:55 &#8211; 11:00 \u00a0 \u00a0 \u00a0 \u00a0 \u00a0 \u00a0 \u00a0 <strong>Olga Genilloud,<\/strong> <span style=\"color: #000000;\"><strong>Fundaci\u00f3n Medina<\/strong><\/span><\/p>\n<p>11:00 &#8211; 11:05 \u00a0 \u00a0 \u00a0 \u00a0 \u00a0 \u00a0 \u00a0 <strong>Adriana Casillas,<\/strong> <span style=\"color: #000000;\"><strong>Mealfood Europe<\/strong><\/span><\/p>\n<p>11:05 &#8211; 11:10 \u00a0 \u00a0 \u00a0 \u00a0 \u00a0 \u00a0 \u00a0 \u00a0<strong>Bosco Emparanza,<\/strong> <span style=\"color: #000000;\"><strong>Moa Foodtech<\/strong><\/span><\/p>\n<p>11:10 &#8211; 11:15 \u00a0 \u00a0 \u00a0 \u00a0 \u00a0 \u00a0 \u00a0 \u00a0 <strong>Ignacio Herraez,<\/strong> <span style=\"color: #000000;\"><strong>NanoGap\u00a0<\/strong><\/span><\/p>\n<p>11:15 &#8211; 11:20\u00a0 \u00a0 \u00a0 \u00a0 \u00a0 \u00a0 \u00a0 \u00a0 <strong>Jeff Wheeler,<\/strong> <span style=\"color: #000000;\"><strong>Plant Response<\/strong><\/span>[\/vc_column_text][\/vc_column_inner][vc_column_inner width=\u00bb1\/3&#8243;][vc_column_text css=\u00bb.vc_custom_1605639398839{margin-bottom: 0px !important;}\u00bb]<span style=\"color: #ff0000;\"><a style=\"color: #ff0000;\" href=\"http:\/\/www.algaenergy.es\">www.algaenergy.es<\/a><\/span><\/p>\n<p><span style=\"color: #ff0000;\"><a style=\"color: #ff0000;\" href=\"https:\/\/www.cropscience.bayer.es\/\">www.cropscience.bayer.es<\/a><\/span><\/p>\n<p><span style=\"color: #ff0000;\"><a style=\"color: #ff0000;\" href=\"http:\/\/www.cener.com\">www.cener.com<\/a><\/span><\/p>\n<p><span style=\"color: #ff0000;\"><a style=\"color: #ff0000;\" href=\"http:\/\/www.fundecyt-pctex.es\">www.fundecyt-pctex.es<\/a><\/span><\/p>\n<p><span style=\"color: #ff0000;\"><a style=\"color: #ff0000;\" href=\"http:\/\/www.dbtech.es\">www.dbtech.es<\/a><\/span><\/p>\n<p><span style=\"color: #ff0000;\"><a style=\"color: #ff0000;\" href=\"http:\/\/www.medinaandalucia.es\">www.medinaandalucia.es<\/a><\/span><\/p>\n<p><span style=\"color: #ff0000;\"><a style=\"color: #ff0000;\" href=\"http:\/\/www.mealfoodeurope.com\">www.mealfoodeurope.com<\/a><\/span><\/p>\n<p><span style=\"color: #ff0000;\"><a style=\"color: #ff0000;\" href=\"http:\/\/moafoodtech.com\">www.moafoodtech.com<\/a><\/span><\/p>\n<p><span style=\"color: #ff0000;\"><a style=\"color: #ff0000;\" href=\"http:\/\/www.nanogap.es\">www.nanogap.es<\/a><\/span><\/p>\n<p><span style=\"color: #ff0000;\"><a style=\"color: #ff0000;\" href=\"http:\/\/www.plantresponse.com\">www.plantresponse.com<\/a><\/span>[\/vc_column_text][\/vc_column_inner][\/vc_row_inner][\/vc_tta_section][vc_tta_section title=\u00bb25 de Noviembre, 2020&#8243; tab_id=\u00bb1602768538006-87cd3aa9-e003&#8243;][mk_padding_divider][vc_row_inner][vc_column_inner width=\u00bb1\/4&#8243;][vc_column_text css=\u00bb.vc_custom_1602771139843{margin-bottom: 0px !important;}\u00bb]\n<h2><span style=\"color: #ff0000;\">10:00-11:00<\/span><\/h2>\n[\/vc_column_text][\/vc_column_inner][vc_column_inner width=\u00bb3\/4&#8243;][vc_column_text css=\u00bb.vc_custom_1602771189165{margin-bottom: 0px !important;}\u00bb]\n<h2><span style=\"color: #ff0000;\">El Green Deal Europeo: Financiaci\u00f3n para una recuperaci\u00f3n sostenible<\/span><\/h2>\n[\/vc_column_text][vc_column_text css=\u00bb.vc_custom_1605173637135{margin-bottom: 0px !important;}\u00bb]Para contribuir a la reparaci\u00f3n de los da\u00f1os econ\u00f3micos y sociales provocados por la pandemia de coronavirus, iniciar la recuperaci\u00f3n europea y preservar y crear empleo, la Comisi\u00f3n Europea propuso el 26 de mayo un importante plan de recuperaci\u00f3n para Europa basado en el aprovechamiento del pleno potencial del presupuesto de la Uni\u00f3n Europea.<\/p>\n<p>El plan de inversiones para el Green Deal y del mecanismo de transici\u00f3n justa ofrecer\u00e1n apoyo a las regiones para dar un impulso hacia la neutralidad clim\u00e1tica en 2050.<\/p>\n<p>En esta sesi\u00f3n se presentar\u00e1 este plan de inversiones y los panelistas analizar\u00e1n el impacto que tendr\u00e1 en el sector, qu\u00e9 tipo de proyectos y a trav\u00e9s de qu\u00e9 programas las empresas tendr\u00e1n acceso a esta financiaci\u00f3n.[\/vc_column_text][vc_column_text css=\u00bb.vc_custom_1605785870689{margin-bottom: 0px !important;}\u00bb]<span style=\"color: #ff0000;\">Modera:<\/span><\/p>\n<ul>\n<li><strong>Daniel Ramos, <\/strong>Manager Energ\u00eda y Medio Ambiente, F-I Group<\/li>\n<\/ul>\n<p><span style=\"color: #ff0000;\">Ponentes:<\/span><\/p>\n<ul>\n<li><strong>Guillermo Alvarez<\/strong>, Jefe Departamento Retos Sociales, CDTI.<\/li>\n<li><strong>Carlos Vazquez,<\/strong> Director Departamento de Publico, Gomez, Acebo &amp; Pombo.<\/li>\n<li><strong>Roberto Garc\u00eda Torrente<\/strong>, Director Innovaci\u00f3n Agroalimentaria, Cajamar<\/li>\n<\/ul>\n[\/vc_column_text][\/vc_column_inner][\/vc_row_inner][mk_padding_divider][vc_row_inner][vc_column_inner width=\u00bb1\/4&#8243;][vc_column_text css=\u00bb.vc_custom_1602771323892{margin-bottom: 0px !important;}\u00bb]\n<h2><span style=\"color: #ff0000;\">11:30-12:30<\/span><\/h2>\n[\/vc_column_text][\/vc_column_inner][vc_column_inner width=\u00bb3\/4&#8243;][vc_column_text css=\u00bb.vc_custom_1605175106901{margin-bottom: 0px !important;}\u00bb]\n<h2><span style=\"color: #ff0000;\">Biotecnolog\u00eda &amp; Transformaci\u00f3n industrial: hacia modelo verde y sostenible<\/span><\/h2>\n[\/vc_column_text][vc_column_text css=\u00bb.vc_custom_1605174853345{margin-bottom: 0px !important;}\u00bb]Citando a la Comisi\u00f3n Europea, la consecuci\u00f3n de una econom\u00eda clim\u00e1ticamente neutra y circular exige la plena movilizaci\u00f3n de la industria. Se necesitar\u00e1n veinticinco a\u00f1os \u2014una generaci\u00f3n\u2014 para transformar un sector industrial y todas las cadenas de valor. Si queremos estar preparados en 2050, los pr\u00f3ximos cinco a\u00f1os ser\u00e1n clave no s\u00f3lo en cuanto a inversi\u00f3n y cambio de modelo de negocio, si no tambi\u00e9n en la forma en que nuestra industria es capaz de incluir en su cadena de valor nuevas innovaciones, muchas de ellas procedentes de la biotecnolog\u00eda.[\/vc_column_text][vc_column_text css=\u00bb.vc_custom_1606134290124{margin-bottom: 0px !important;}\u00bb]<span style=\"color: #ff0000;\">Moderador:<\/span><\/p>\n<ul>\n<li><strong>Carlos Rodriguez-Villa<\/strong>, Director General, AlgaEnergy<\/li>\n<\/ul>\n<p><span style=\"color: #ff0000;\">Ponentes:<\/span><\/p>\n<ul>\n<li><strong>Galo Guti\u00e9rrez,<\/strong> Director General de Industria, Ministerio de Industria, Comercio y Turismo.<\/li>\n<li><strong>Pablo Bascones<\/strong>, Socio responsable de sostenibilidad, PwC<\/li>\n<li><strong>Jose Luis Palma<\/strong>, Adviser, Gomez-Acebo &amp; Pombo<\/li>\n<li><strong>Miguel Arraras<\/strong>, Director de Desarrollo de Negocio, EMEA, Acciona<\/li>\n<li><strong>Enrique Esp\u00ed<\/strong>, Technical Adviser &#8211; Sustainable Chemistry, Repsol Technology Lab<\/li>\n<\/ul>\n[\/vc_column_text][\/vc_column_inner][\/vc_row_inner][vc_row_inner][vc_column_inner width=\u00bb1\/4&#8243;][mk_padding_divider][vc_column_text css=\u00bb.vc_custom_1602771547586{margin-bottom: 0px !important;}\u00bb]\n<h2><span style=\"color: #ff0000;\">13:00-14:00<\/span><\/h2>\n[\/vc_column_text][\/vc_column_inner][vc_column_inner width=\u00bb3\/4&#8243;][mk_padding_divider][vc_column_text css=\u00bb.vc_custom_1602771567751{margin-bottom: 0px !important;}\u00bb]\n<h2><span style=\"color: #ff0000;\">Cambio clim\u00e1tico y la sociedad del futuro<\/span><\/h2>\n[\/vc_column_text][vc_column_text css=\u00bb.vc_custom_1605175677768{margin-bottom: 0px !important;}\u00bb]La biotecnolog\u00eda, tanto nivel cient\u00edfico como empresarial, est\u00e1 plenamente comprometida con el objetivo de impulsar un modelo econ\u00f3mico sostenible que de respuesta a los desaf\u00edos medioambientales que tenemos por delante.<\/p>\n<p>Este panel nos introducir\u00e1 a la estrategia de la Uni\u00f3n Europea para luchar contra el cambio clim\u00e1tico y pondr\u00e1 en valor la capacidad innovadora y las soluciones que ofrece de la ciencia y las empresas biotecnol\u00f3gicas , para hacer frente a la emergencia clim\u00e1tica.[\/vc_column_text][vc_column_text css=\u00bb.vc_custom_1606232922123{margin-bottom: 0px !important;}\u00bb]<span style=\"color: #ff0000;\">Modera:<\/span><\/p>\n<ul>\n<li><strong>Carmen Vela,<\/strong> Directora de Proyectos Colaborativos, Ingenasa<\/li>\n<\/ul>\n<p><span style=\"color: #ff0000;\">Ponentes:<\/span><\/p>\n<ul>\n<li><strong>Clara de la Torre,<\/strong> Directora General Adjunta de Acci\u00f3n Clim\u00e1tica de la Comisi\u00f3n Europea<\/li>\n<li><strong>Ruben Costa, <\/strong>Profesor titular Universidad T\u00e9cnica de M\u00fanich<\/li>\n<li><strong>Ignasi Salaet,<\/strong> Director Adjunto I+D+i, Fertinagro Biotech<\/li>\n<li><strong>Jose Mar\u00eda Pinilla,<\/strong> Project Manager, Natac Biotech<\/li>\n<\/ul>\n[\/vc_column_text][\/vc_column_inner][\/vc_row_inner][\/vc_tta_section][vc_tta_section title=\u00bb26 de Noviembre, 2020&#8243; tab_id=\u00bb1602768504913-2b19d1bc-88bc\u00bb][mk_padding_divider][vc_row_inner][vc_column_inner width=\u00bb1\/4&#8243;][vc_column_text css=\u00bb.vc_custom_1602771987459{margin-bottom: 0px !important;}\u00bb]\n<h2><span style=\"color: #ff0000;\">10:00-11:10<\/span><\/h2>\n[\/vc_column_text][\/vc_column_inner][vc_column_inner width=\u00bb3\/4&#8243;][vc_column_text css=\u00bb.vc_custom_1602773091730{margin-bottom: 0px !important;}\u00bb]\n<h2><span style=\"color: #ff0000;\">GENERACI\u00d3N DE BIOPRODUCTOS DE ALTO VALOR A\u00d1ADIDO A PARTIR DE RESIDUOS<\/span><\/h2>\n[\/vc_column_text][vc_column_text css=\u00bb.vc_custom_1605175828549{margin-bottom: 0px !important;}\u00bb]El proyecto europeo financiado por la Horizon 2020, BIOVOICES organizar\u00e1 un Mobilisation and Mutual Learning Workshop con el objetivo involucrar a todos los actores, con el fin de promover y facilitar el acceso de los bioproductos al mercado. Para ello contaremos con la colaboraci\u00f3n del centro tecnol\u00f3gico experto en innovaciones en el sector agroalimentario, AINIA.<\/p>\n<p>Durante el workshop discutiremos sobre si la figura de subproducto definida en Espa\u00f1a representa una gran oportunidad para concebir los residuos como recursos y compartiremos las perspectivas de diferentes actores (agricultores, consumidores, investigadores y empresas de alimentaci\u00f3n).<br \/>\nPor \u00faltimo, y para recoger el feedback de todos los asistentes se utilizar\u00e1 una herramienta telem\u00e1tica para buscar soluciones a los desaf\u00edos que se nos presentan en este campo.[\/vc_column_text][vc_column_text css=\u00bb.vc_custom_1605783971072{margin-bottom: 0px !important;}\u00bb]<span style=\"color: #ff0000;\">Bienvenida<\/span><\/p>\n<ul>\n<li><strong>Beatriz Palomo, <\/strong>AseBio\/Plataforma de Mercados Biotecnol\u00f3gicos\/ BIOVOICES partner<\/li>\n<li><strong>Bego\u00f1a Ruiz,<\/strong>\u00a0AINIA\/URBIOFIN partner<\/li>\n<\/ul>\n<p><span style=\"color: #ff0000;\">Modera:<\/span><\/p>\n<ul>\n<li><strong>Bego\u00f1a Ruiz,<\/strong>\u00a0AINIA\/URBIOFIN partner<\/li>\n<\/ul>\n<p><span style=\"color: #ff0000;\">Ponentes:<\/span><\/p>\n<ul>\n<li><strong>Beatriz Molina,<\/strong>\u00a0 La Ca\u00f1a<\/li>\n<li><strong>Jos\u00e9 Manuel Delgado, <\/strong>Uni\u00f3n de Peque\u00f1os Agricultores y Ganaderos (UPA)<\/li>\n<li><strong>Carmen Redondo,<\/strong> HISPACOOP<\/li>\n<li><strong>Javier Gil,<\/strong> Centro Nacional de Energ\u00edas Renovables (CENER)<\/li>\n<\/ul>\n[\/vc_column_text][\/vc_column_inner][\/vc_row_inner][mk_padding_divider][vc_row_inner][vc_column_inner width=\u00bb1\/4&#8243;][vc_column_text css=\u00bb.vc_custom_1602771883757{margin-bottom: 0px !important;}\u00bb]\n<h2><span style=\"color: #ff0000;\">11:30-12:30<\/span><\/h2>\n[\/vc_column_text][\/vc_column_inner][vc_column_inner width=\u00bb3\/4&#8243;][vc_column_text css=\u00bb.vc_custom_1602773363597{margin-bottom: 0px !important;}\u00bb]\n<h2><span style=\"color: #ff0000;\">INNOVACI\u00d3N EN AGRICULTURA: TOMA DE DECISIONES BASADAS EN CRITERIOS CIENT\u00cdFICOS<\/span><\/h2>\n[\/vc_column_text][vc_column_text css=\u00bb.vc_custom_1605176427932{margin-bottom: 0px !important;}\u00bb]Los nuevos avances que aporta la biotecnolog\u00eda, como las nuevas t\u00e9cnicas de edici\u00f3n gen\u00f3mica, suponen un antes y un despu\u00e9s no s\u00f3lo en el sector de la agricultura, sino que tambi\u00e9n son una herramienta fundamental para la lucha contra el cambio clim\u00e1tico, alcanzar una alimentaci\u00f3n sostenible o mejorar el rendimiento de los cultivos.<\/p>\n<p>La estricta regulaci\u00f3n, no siempre basada en criterios cient\u00edficos, hace que su la implementaci\u00f3n de estas innovaciones y su llegada al mercado sea dif\u00edcil, al contrario de lo que sucede en Estados Unidos, Latinoam\u00e9rica o Asia, donde su desarrollo est\u00e1 experimentando una fuerte expansi\u00f3n.[\/vc_column_text][vc_column_text css=\u00bb.vc_custom_1605176531268{margin-bottom: 0px !important;}\u00bb]En este panel abordaremos, entre otros temas:<\/p>\n<ul>\n<li>La importancia de una regulaci\u00f3n basada en criterios cient\u00edficos.<\/li>\n<li>Regulaci\u00f3n de las t\u00e9cnicas de edici\u00f3n gen\u00f3mica en agricultura en la Uni\u00f3n Europea.<\/li>\n<li>Beneficios de las nuevas t\u00e9cnicas de edici\u00f3n gen\u00f3mica.<\/li>\n<li>\u00bfCorre Espa\u00f1a y Europa el riesgo de perder el tren de la innovaci\u00f3n en agricultura?<\/li>\n<\/ul>\n[\/vc_column_text][mk_padding_divider][vc_column_text css=\u00bb.vc_custom_1606125932824{margin-bottom: 0px !important;}\u00bb]<span style=\"color: #ff0000;\">Modera:<\/span><\/p>\n<ul>\n<li><strong>Francisco Egea, <\/strong>Director de la C\u00e1tedra Cajamar de Bioeconomia de la Universidad de Almer\u00eda.<\/li>\n<\/ul>\n<p><span style=\"color: #ff0000;\">Ponentes:<\/span><\/p>\n<ul>\n<li><strong>Clara Aguilera<\/strong>, Diputada y Vicepresidenta de la Comisi\u00f3n de Agricultura y Desarrollo Rural, Parlamento Europeo.<\/li>\n<li><strong>Diego Canga Fano<\/strong>, Consejero Principal, DG Agricultura y Medio Rural, Comisi\u00f3n Europea.<\/li>\n<li><strong>Antonio Molina<\/strong>, Director, Centro de Biotecnolog\u00eda y Gen\u00f3mica de Plantas (CBGP, UPM-INIA) \/ Experto representante de la Comisi\u00f3n Nacional de Bioseguridad (CNB).<\/li>\n<li><strong>Lluis Montoliu<\/strong>, Investigador en el CNB-CSIC.<\/li>\n<\/ul>\n[\/vc_column_text][\/vc_column_inner][\/vc_row_inner][mk_padding_divider][vc_row_inner][vc_column_inner width=\u00bb1\/4&#8243;][vc_column_text css=\u00bb.vc_custom_1602771903290{margin-bottom: 0px !important;}\u00bb]\n<h2><span style=\"color: #ff0000;\">13:00-14:00<\/span><\/h2>\n[\/vc_column_text][\/vc_column_inner][vc_column_inner width=\u00bb3\/4&#8243;][vc_column_text css=\u00bb.vc_custom_1605179325119{margin-bottom: 0px !important;}\u00bb]\n<h2><span style=\"color: #ff0000;\">ALIMENTACION SOSTENIBLE: ESTRATEGIA FARM TO FORK<\/span><\/h2>\n[\/vc_column_text][vc_column_text css=\u00bb.vc_custom_1605269650109{margin-bottom: 0px !important;}\u00bb]El Pacto Verde Europeo, a trav\u00e9s de la estrategia \u201cFarm to Fork\u201d o \u201cDe la Granja a la mesa\u201d, impulsa al sector agrario y agroalimentario europeo como uno de los grandes protagonistas para alcanzar el objetivo de convertir a Europa en el primer continente clim\u00e1ticamente neutro en 2050.<\/p>\n<p>Para ello, la biotecnolog\u00eda ser\u00e1 una de las herramientas indispensables, a trav\u00e9s de diferentes v\u00edas, como las nuevas t\u00e9cnicas de edici\u00f3n gen\u00f3mica, el control de plagas y enfermedades o la salud animal, temas que ser\u00e1n abordados en este panel.[\/vc_column_text][vc_column_text css=\u00bb.vc_custom_1605689849309{margin-bottom: 0px !important;}\u00bb]<span style=\"color: #ff0000;\">Modera:<\/span><\/p>\n<ul>\n<li><span style=\"color: #339966;\"><strong>Fernando Martinez, <\/strong><span style=\"color: #000000;\">Redactor &#8211; Revista Alimentaria<\/span><\/span><\/li>\n<\/ul>\n<p><span style=\"color: #ff0000;\">Ponentes:<\/span><\/p>\n<ul>\n<li><strong>Esperanza Orellana<\/strong>, Directora General de Producciones y Mercados Agrarios Ministerio de Agricultura<\/li>\n<li><strong>Carlos Vicente,<\/strong> Director \u00c1rea de Asuntos P\u00fablicos, Ciencia y Sostenibilidad &#8211; Bayer Crop Science Espa\u00f1a<\/li>\n<li><strong>Luis Felipe Posada,<\/strong>\u00a0 Director Comercial &#8211; AlgaEnergy<\/li>\n<li><strong>Goyo Sanzol,<\/strong> Director General &#8211; Pentabiol<\/li>\n<li><strong>Pedro Gallardo,<\/strong> Vicepresidente Nacional &#8211; ASAJA<\/li>\n<\/ul>\n[\/vc_column_text][\/vc_column_inner][\/vc_row_inner][vc_row_inner][vc_column_inner width=\u00bb1\/4&#8243;][vc_column_text css=\u00bb.vc_custom_1605607894619{margin-bottom: 0px !important;}\u00bb]\n<h2><span style=\"color: #ff0000;\">14:00-14:05<\/span><\/h2>\n[\/vc_column_text][\/vc_column_inner][vc_column_inner width=\u00bb3\/4&#8243;][vc_column_text css=\u00bb.vc_custom_1605608862073{margin-bottom: 0px !important;}\u00bb]\n<h2><span style=\"color: #ff0000;\">Palabras de Clausura<\/span><\/h2>\n<h4><span style=\"color: #000000;\"><strong>Ren\u00e9 Castro Salazar<\/strong><\/span><\/h4>\n<h5>Subdirector General<\/h5>\n<h4>FAO &#8211; Organizaci\u00f3n de las Naciones Unidas para la Alimentaci\u00f3n y la Agricultura<\/h4>\n[\/vc_column_text][\/vc_column_inner][\/vc_row_inner][\/vc_tta_section][\/vc_tta_accordion][\/vc_column][\/mk_page_section]\n","protected":false},"excerpt":{"rendered":"<p>[mk_page_section bg_image=\u00bbhttps:\/\/asebioevents.com\/green\/wp-content\/uploads\/sites\/3\/2019\/01\/agrobio.jpg\u00bb bg_position=\u00bbcenter top\u00bb bg_repeat=\u00bbno-repeat\u00bb bg_stretch=\u00bbtrue\u00bb video_color_mask=\u00bbrgba(77,140,43,0.6)\u00bb video_opacity=\u00bb0.5&#8243; min_height=\u00bb275&#8243; full_width=\u00bbtrue\u00bb sidebar=\u00bbsidebar-1&#8243;][vc_column][mk_padding_divider size=\u00bb78&#8243;][vc_column_text css=\u00bb.vc_custom_1551792503480{margin-bottom: 0px !important;}\u00bb] PROGRAMA [\/vc_column_text][\/vc_column][\/mk_page_section][mk_page_section][vc_column][mk_padding_divider size=\u00bb78&#8243;][vc_row_inner][vc_column_inner][vc_column_text css=\u00bb.vc_custom_1602788392853{margin-bottom: 0px !important;}\u00bb] PROGRAMA PRELIMINAR [\/vc_column_text][mk_padding_divider][\/vc_column_inner][\/vc_row_inner][vc_column_text css=\u00bb.vc_custom_1606287373020{margin-bottom: 0px !important;}\u00bb]Sigue el programa en directo aqu\u00ed:[\/vc_column_text][vc_video link=\u00bbhttps:\/\/www.youtube.com\/watch?v=ZhgkAjsxik0&#8243;][\/vc_column][\/mk_page_section][mk_page_section][vc_column][vc_tta_accordion style=\u00bboutline\u00bb shape=\u00bbsquare\u00bb color=\u00bbvista-blue\u00bb spacing=\u00bb4&#8243; gap=\u00bb4&#8243; c_icon=\u00bbchevron\u00bb active_section=\u00bb1&#8243; collapsible_all=\u00bbtrue\u00bb][vc_tta_section title=\u00bb24 de Noviembre, 2020&#8243; tab_id=\u00bb1602768504912-412f6e8b-cc76&#8243;][vc_row_inner][vc_column_inner width=\u00bb1\/4&#8243;][vc_column_text css=\u00bb.vc_custom_1605639461730{margin-bottom: 0px !important;}\u00bb] 10:15 &#8211; 10:30 [\/vc_column_text][\/vc_column_inner][vc_column_inner width=\u00bb3\/4&#8243;][vc_column_text [&hellip;]<\/p>\n","protected":false},"author":1,"featured_media":0,"parent":0,"menu_order":0,"comment_status":"closed","ping_status":"closed","template":"","meta":{"_mi_skip_tracking":false},"_links":{"self":[{"href":"https:\/\/asebioevents.com\/green\/wp-json\/wp\/v2\/pages\/4"}],"collection":[{"href":"https:\/\/asebioevents.com\/green\/wp-json\/wp\/v2\/pages"}],"about":[{"href":"https:\/\/asebioevents.com\/green\/wp-json\/wp\/v2\/types\/page"}],"author":[{"embeddable":true,"href":"https:\/\/asebioevents.com\/green\/wp-json\/wp\/v2\/users\/1"}],"replies":[{"embeddable":true,"href":"https:\/\/asebioevents.com\/green\/wp-json\/wp\/v2\/comments?post=4"}],"version-history":[{"count":68,"href":"https:\/\/asebioevents.com\/green\/wp-json\/wp\/v2\/pages\/4\/revisions"}],"predecessor-version":[{"id":940,"href":"https:\/\/asebioevents.com\/green\/wp-json\/wp\/v2\/pages\/4\/revisions\/940"}],"wp:attachment":[{"href":"https:\/\/asebioevents.com\/green\/wp-json\/wp\/v2\/media?parent=4"}],"curies":[{"name":"wp","href":"https:\/\/api.w.org\/{rel}","templated":true}]}}