{"id":48,"date":"2019-01-31T17:04:32","date_gmt":"2019-01-31T17:04:32","guid":{"rendered":"https:\/\/asebioevents.com\/agrobiotecnologia\/?page_id=48"},"modified":"2020-11-17T08:02:03","modified_gmt":"2020-11-17T08:02:03","slug":"home","status":"publish","type":"page","link":"https:\/\/asebioevents.com\/green\/","title":{"rendered":"Home"},"content":{"rendered":"[mk_page_section bg_image=\u00bbhttps:\/\/asebioevents.com\/green\/wp-content\/uploads\/sites\/3\/2020\/10\/im_comp-1.jpg\u00bb bg_position=\u00bbcenter bottom\u00bb bg_stretch=\u00bbtrue\u00bb speed_factor=\u00bb-0.3&#8243; full_width=\u00bbtrue\u00bb full_height=\u00bbtrue\u00bb bottom_shape_bg_color=\u00bb#ededed\u00bb sidebar=\u00bbsidebar-1&#8243;][vc_column width=\u00bb1\/2&#8243;][vc_column][\/vc_column][\/vc_column][\/mk_page_section][vc_row][vc_column border_color=\u00bb#ffffff\u00bb css=\u00bb.vc_custom_1602729029576{background-color: #ffffff !important;}\u00bb][mk_padding_divider][vc_column_text css=\u00bb.vc_custom_1602729111508{margin-bottom: 0px !important;}\u00bb]\n<h1><span style=\"color: #5b997c;\">AseBio Green Innovation Forum<\/span><\/h1>\n[\/vc_column_text][vc_column_text css=\u00bb.vc_custom_1602777092504{margin-bottom: 0px !important;}\u00bb]<span style=\"color: #339966;\">La IV Edici\u00f3n del Foro de Agrobiotecnolog\u00eda y Bioeconom\u00eda Circular de AseBio cambia de nombre al AseBio Green Innovation Forum, aline\u00e1ndose con la denominaci\u00f3n de los programas de recuperaci\u00f3n nacionales y europeos para un nuevo crecimiento econ\u00f3mico verde y sostenible.<\/span>[\/vc_column_text][vc_column_text css=\u00bb.vc_custom_1602777108572{margin-bottom: 0px !important;}\u00bb]<span style=\"color: #339966;\">Organizado por AseBio, la Asociaci\u00f3n Espa\u00f1ola de Bioempresas, tiene por objetivo estimular esta agenda de recuperaci\u00f3n que impulse y renueve el compromiso de Espa\u00f1a con la ciencia y la innovaci\u00f3n, as\u00ed como conectarla con \u00e1reas industriales estrat\u00e9gicas con gran capacidad transformadora e impacto en la vida de las personas.<\/span>[\/vc_column_text][vc_column_text css=\u00bb.vc_custom_1602777124860{margin-bottom: 0px !important;}\u00bb]<span style=\"color: #339966;\">El AseBio Green Innovation Forum te ofrece la oportunidad de conocer en detalle c\u00f3mo la biotecnolog\u00eda aporta soluciones a todos estos retos y a conectar con la industria, academia y sector p\u00fablico.<\/span>[\/vc_column_text][vc_column_text css=\u00bb.vc_custom_1602777146428{margin-bottom: 0px !important;}\u00bb]\n<p style=\"text-align: center;\"><span style=\"color: #339966;\"><strong>\u00a1Reg\u00edstrate ya y construye con nosotros la Espa\u00f1a del futuro!<\/strong><\/span><\/p>\n[\/vc_column_text][mk_padding_divider][vc_btn title=\u00bb\u00a1Reg\u00edstrate aqu\u00ed!\u00bb style=\u00bboutline-custom\u00bb outline_custom_color=\u00bb#5dbcaa\u00bb outline_custom_hover_background=\u00bb#abd08d\u00bb outline_custom_hover_text=\u00bb#ffffff\u00bb shape=\u00bbround\u00bb size=\u00bblg\u00bb align=\u00bbcenter\u00bb link=\u00bburl:https%3A%2F%2Fwww.eventbrite.es%2Fe%2Fasebio-green-innovation-forum-2020-tickets-123318977381||target:%20_blank|\u00bb][mk_padding_divider][vc_column_text css=\u00bb.vc_custom_1602729289444{margin-bottom: 0px !important;}\u00bb]\n<h1><span style=\"color: #5b997c;\">\u00bfA qui\u00e9n va dirigido?<\/span><\/h1>\n[\/vc_column_text][mk_padding_divider][vc_row_inner][vc_column_inner width=\u00bb1\/4&#8243;][vc_icon icon_fontawesome=\u00bbfa fa-flask\u00bb color=\u00bbwhite\u00bb background_style=\u00bbrounded\u00bb background_color=\u00bbvista_blue\u00bb align=\u00bbright\u00bb][\/vc_column_inner][vc_column_inner width=\u00bb3\/4&#8243;][vc_column_text css=\u00bb.vc_custom_1602786662809{margin-bottom: 0px !important;}\u00bb]\n<h3><strong>Sector biotecnol\u00f3gico: empresas e institutos de investigaci\u00f3n.<\/strong><\/h3>\n[\/vc_column_text][\/vc_column_inner][\/vc_row_inner][vc_row_inner][vc_column_inner width=\u00bb1\/4&#8243;][vc_icon icon_fontawesome=\u00bbfa fa-industry\u00bb color=\u00bbwhite\u00bb background_style=\u00bbrounded\u00bb background_color=\u00bbvista_blue\u00bb align=\u00bbright\u00bb][\/vc_column_inner][vc_column_inner width=\u00bb3\/4&#8243;][vc_column_text css=\u00bb.vc_custom_1602777257634{margin-bottom: 0px !important;}\u00bb]\n<h3><strong>Empresas de otros sectores industriales.<\/strong><\/h3>\n[\/vc_column_text][\/vc_column_inner][\/vc_row_inner][vc_row_inner][vc_column_inner width=\u00bb1\/4&#8243;][vc_icon icon_fontawesome=\u00bbfa fa-building\u00bb color=\u00bbwhite\u00bb background_style=\u00bbrounded\u00bb background_color=\u00bbvista_blue\u00bb align=\u00bbright\u00bb][\/vc_column_inner][vc_column_inner width=\u00bb3\/4&#8243;][vc_column_text css=\u00bb.vc_custom_1602777275179{margin-bottom: 0px !important;}\u00bb]\n<h3><strong>Sector p\u00fablico:\u00a0 Ministerios, organismos oficiales, ayuntamientos, etc&#8230;<\/strong><\/h3>\n[\/vc_column_text][\/vc_column_inner][\/vc_row_inner][vc_row_inner][vc_column_inner width=\u00bb1\/4&#8243;][vc_icon icon_fontawesome=\u00bbfa fa-heart\u00bb color=\u00bbwhite\u00bb background_style=\u00bbrounded\u00bb background_color=\u00bbvista_blue\u00bb align=\u00bbright\u00bb][\/vc_column_inner][vc_column_inner width=\u00bb3\/4&#8243;][vc_column_text css=\u00bb.vc_custom_1602777293268{margin-bottom: 0px !important;}\u00bb]\n<h3><strong>Cualquier organismo, entidad o persona de perfil profesional interesada en conectar con la econom\u00eda verde.<\/strong><\/h3>\n[\/vc_column_text][\/vc_column_inner][\/vc_row_inner][vc_row_inner][vc_column_inner][mk_padding_divider][mk_padding_divider][vc_column_text css=\u00bb.vc_custom_1602777320596{margin-bottom: 0px !important;}\u00bb]\n<h1><span style=\"color: #5b997c;\">Modelo Econ\u00f3mico Sostenible e Intensivo en Conocimiento<\/span><\/h1>\n<p style=\"text-align: left;\"><span style=\"color: #339966;\">Tenemos el gran reto de convertir nuestro conocimiento cient\u00edfico en soluciones concretas que den respuesta a los retos a los que se enfrenta nuestra sociedad. Para ello, el AseBio Green Innovation Forum girar\u00e1 en torno a \u00e9stas \u00e1reas tem\u00e1ticas:<\/span><\/p>\n[\/vc_column_text][\/vc_column_inner][\/vc_row_inner][vc_tta_accordion shape=\u00bbround\u00bb color=\u00bbvista-blue\u00bb active_section=\u00bb1&#8243;][vc_tta_section title=\u00bbGREEN DEAL EUROPEO Y AGENDA 2030&#8243; tab_id=\u00bb1602727772039-fd3b2949-b4b7&#8243;][vc_column_text css=\u00bb.vc_custom_1602727908272{margin-bottom: 0px !important;}\u00bb]<span style=\"color: #339966;\">Con la <strong>Agenda 2030<\/strong> y ahora el <strong>\u201cGreen Deal\u201d europeo<\/strong>, nuestro pa\u00eds tiene por delante, una nueva <strong>hoja de ruta de crecimiento<\/strong> para que tomar las decisiones que nos permitan impulsar un <strong>nuevo modelo econ\u00f3mico<\/strong> conectado con retos como\u00a0 la alimentaci\u00f3n sostenible, la emergencia clim\u00e1tica y la transformaci\u00f3n industrial.<\/span>[\/vc_column_text][\/vc_tta_section][vc_tta_section title=\u00bbIMPULSAR UN TEJIDO INDUSTRIAL INNOVADOR\u00bb tab_id=\u00bb1602727772039-dd0bd4cb-b36e\u00bb][vc_column_text css=\u00bb.vc_custom_1602727928665{margin-bottom: 0px !important;}\u00bb]\n<p style=\"text-align: left;\"><span style=\"color: #339966;\">Espa\u00f1a necesita una Estrategia Industrial que permita impulsar su tejido productivo a trav\u00e9s de la innovaci\u00f3n y dise\u00f1ando un marco adecuado de financiaci\u00f3n para las \u00e1reas especialmente estrat\u00e9gicas por su impacto y a su capacidad transformadora. <\/span><\/p>\n<p style=\"text-align: left;\"><span style=\"color: #339966;\">Sectores con alto valor a\u00f1adido, que contribuyan significativamente a la mejora de la vida de las personas y la salud del planeta y capaces de impulsar el crecimiento sostenible, tienen que ser los protagonistas de este nuevo paradigma de crecimiento.\u00a0<strong>La biotecnolog\u00eda<\/strong> ejercer\u00e1 un papel protagonista en esta transformaci\u00f3n industrial a nivel global. <\/span><\/p>\n<p style=\"text-align: left;\"><span style=\"color: #339966;\">Actualmente Espa\u00f1a es el <strong>noveno pa\u00eds en producci\u00f3n cient\u00edfica<\/strong> en biotecnolog\u00eda a nivel internacional.<\/span><\/p>\n[\/vc_column_text][\/vc_tta_section][vc_tta_section title=\u00bbTOMA DE DECISIONES BASADAS EN LA CIENCIA\u00bb tab_id=\u00bb1602727870780-a29749be-435b\u00bb][vc_column_text css=\u00bb.vc_custom_1602728000222{margin-bottom: 0px !important;}\u00bb]<span style=\"color: #339966;\"><strong>Situar a la ciencia en el coraz\u00f3n de las pol\u00edticas y la regulaci\u00f3n<\/strong> nos permitir\u00e1 aprovechar todas las posibilidades que ofrece la tecnolog\u00eda, incluyendo las nuevas t\u00e9cnicas de edici\u00f3n gen\u00e9tica como CRISPR con un gran potencial para mejorar la salud, la alimentaci\u00f3n de las personas y la sostenibilidad del planeta.<\/span><\/p>\n<p><span style=\"color: #339966;\">Por eso creemos que nuestro pa\u00eds tiene que aprovechar toda la capacidad biotecnolog\u00eda ofrece en sectores tan estrat\u00e9gicos como la agroalimentaci\u00f3n. <strong>Creemos fundamental construir nuevos puentes entre ciencia y sociedad<\/strong> a trav\u00e9s de la comunicaci\u00f3n, la educaci\u00f3n y el asesoramiento cient\u00edfico para combatir la desinformaci\u00f3n y hacer que los beneficios sociales de las inversiones en I+D sean percibidos por los ciudadanos.<\/span>[\/vc_column_text][\/vc_tta_section][vc_tta_section title=\u00bbCOLABORACI\u00d3N PUBLICO-PRIVADA\u00bb tab_id=\u00bb1602727873681-60566abb-b949&#8243;][vc_column_text css=\u00bb.vc_custom_1602728154116{margin-bottom: 0px !important;}\u00bb]<span style=\"color: #339966;\"><strong>La cooperaci\u00f3n p\u00fablico-privada es uno de los grandes retos del sistema de ciencia e innovaci\u00f3n de nuestro pa\u00eds.<\/strong> El dise\u00f1o de pol\u00edticas espec\u00edficas de colaboraci\u00f3n p\u00fablico-privada y la modernizaci\u00f3n de nuestras instituciones de investigaci\u00f3n va a ser clave para crear investigaciones de impacto, dar con soluciones reales a problemas sociales y medioambientales y generar empleo y crecimiento econ\u00f3mico en nuestro pa\u00eds.<\/span>[\/vc_column_text][\/vc_tta_section][vc_tta_section title=\u00bbGENERAR OPORTUNIDADES DE NEGOCIO Y COLABORACI\u00d3N\u00bb tab_id=\u00bb1602727886847-c8fee1a0-48ff\u00bb][vc_column_text css=\u00bb.vc_custom_1602728109533{margin-bottom: 0px !important;}\u00bb]<span style=\"color: #339966;\">El AseBio Green Innovation Forum tiene tambi\u00e9n como objetivo fundamental conectar a la industria biotecnol\u00f3gica, otros sectores industriales, sector publico, centros de investigaci\u00f3n y cualquier entidad para la cual la biotecnolog\u00eda sea una herramienta fundamental en su desarrollo o transformaci\u00f3n industrial.<\/span><\/p>\n<p><span style=\"color: #339966;\">Para ello, todos los participantes inscritos en el evento tendr\u00e1n una cuenta de partnering individual a trav\u00e9s de la cual organizar una agenda de reuniones personalizada. Esta herramienta te permitir\u00e1 <strong>publicar tu perfil de empresa<\/strong>, <strong>solicitar\u00a0 \/recibir peticiones de reuni\u00f3nes<\/strong> con el resto de participantes, y <strong>conectar con todos los participante<\/strong>s all\u00e1 donde te encuentres, ya que la herramienta est\u00e1 adaptada para celebrar tus reuniones por videoconferencia.<\/span>[\/vc_column_text][\/vc_tta_section][\/vc_tta_accordion][mk_padding_divider][vc_row_inner][vc_column_inner width=\u00bb2\/3&#8243;][mk_padding_divider][vc_column_text css=\u00bb.vc_custom_1605166321825{margin-bottom: 0px !important;}\u00bb]\n<h4><span style=\"color: #339966;\">Evento organizado con la colaboraci\u00f3n de nuestro socio en la organizaci\u00f3n de BIOSPAIN 2021<\/span><\/h4>\n[\/vc_column_text][\/vc_column_inner][vc_column_inner width=\u00bb1\/3&#8243;][vc_single_image image=\u00bb847&#8243; img_size=\u00bbmedium\u00bb alignment=\u00bbcenter\u00bb onclick=\u00bbcustom_link\u00bb img_link_target=\u00bb_blank\u00bb link=\u00bbhttp:\/\/www.sodena.com\u00bb][\/vc_column_inner][\/vc_row_inner][vc_row_inner][vc_column_inner][vc_column_text css=\u00bb.vc_custom_1605166290178{margin-bottom: 0px !important;}\u00bb]\n<h4><span style=\"color: #339966;\">Otras entidades colaboradoras:<\/span><\/h4>\n[\/vc_column_text][\/vc_column_inner][\/vc_row_inner][vc_row_inner][vc_column_inner width=\u00bb1\/4&#8243;][vc_single_image image=\u00bb696&#8243; img_size=\u00bb220&#215;70&#8243; alignment=\u00bbcenter\u00bb onclick=\u00bbcustom_link\u00bb img_link_target=\u00bb_blank\u00bb link=\u00bbhttps:\/\/www.ainia.es\/\u00bb][\/vc_column_inner][vc_column_inner width=\u00bb1\/4&#8243;][vc_single_image image=\u00bb737&#8243; img_size=\u00bb150&#215;100&#8243; alignment=\u00bbcenter\u00bb onclick=\u00bbcustom_link\u00bb img_link_target=\u00bb_blank\u00bb link=\u00bbhttps:\/\/www.anove.es\/\u00bb][\/vc_column_inner][vc_column_inner width=\u00bb1\/4&#8243;][vc_single_image image=\u00bb724&#8243; img_size=\u00bb100&#215;100&#8243; alignment=\u00bbcenter\u00bb onclick=\u00bbcustom_link\u00bb img_link_target=\u00bb_blank\u00bb link=\u00bbhttps:\/\/www.bioga.org\/?lang=es\u00bb][\/vc_column_inner][vc_column_inner width=\u00bb1\/4&#8243;][vc_single_image image=\u00bb702&#8243; img_size=\u00bb200&#215;100&#8243; alignment=\u00bbcenter\u00bb onclick=\u00bbcustom_link\u00bb img_link_target=\u00bb_blank\u00bb link=\u00bbhttps:\/\/www.bioib.org\/\u00bb][\/vc_column_inner][\/vc_row_inner][vc_row_inner][vc_column_inner width=\u00bb1\/4&#8243;][vc_single_image image=\u00bb832&#8243; img_size=\u00bbmedium\u00bb alignment=\u00bbcenter\u00bb onclick=\u00bbcustom_link\u00bb img_link_target=\u00bb_blank\u00bb link=\u00bbhttp:\/\/biointropic.com\/\u00bb][\/vc_column_inner][vc_column_inner width=\u00bb1\/4&#8243;][vc_raw_html][\/vc_raw_html][vc_single_image image=\u00bb773&#8243; img_size=\u00bbmedium\u00bb alignment=\u00bbcenter\u00bb onclick=\u00bbcustom_link\u00bb img_link_target=\u00bb_blank\u00bb link=\u00bbhttps:\/\/bioplat.org\/\u00bb][\/vc_column_inner][vc_column_inner width=\u00bb1\/4&#8243;][vc_raw_html][\/vc_raw_html][vc_single_image image=\u00bb706&#8243; img_size=\u00bb200&#215;100&#8243; alignment=\u00bbcenter\u00bb onclick=\u00bbcustom_link\u00bb img_link_target=\u00bb_blank\u00bb link=\u00bbhttps:\/\/biovegen.org\/\u00bb][\/vc_column_inner][vc_column_inner width=\u00bb1\/4&#8243;][vc_single_image image=\u00bb708&#8243; img_size=\u00bb200&#215;200&#8243; alignment=\u00bbcenter\u00bb onclick=\u00bbcustom_link\u00bb img_link_target=\u00bb_blank\u00bb link=\u00bbhttp:\/\/www.cener.com\/\u00bb][vc_raw_html][\/vc_raw_html][\/vc_column_inner][\/vc_row_inner][vc_row_inner][vc_column_inner width=\u00bb1\/4&#8243;][vc_single_image image=\u00bb710&#8243; img_size=\u00bb500&#215;400&#8243; alignment=\u00bbcenter\u00bb onclick=\u00bbcustom_link\u00bb img_link_target=\u00bb_blank\u00bb link=\u00bbhttps:\/\/www.ceoe.es\/es\u00bb][\/vc_column_inner][vc_column_inner width=\u00bb1\/4&#8243;][vc_single_image image=\u00bb807&#8243; img_size=\u00bb120&#215;120&#8243; alignment=\u00bbcenter\u00bb onclick=\u00bbcustom_link\u00bb img_link_target=\u00bb_blank\u00bb link=\u00bbhttps:\/\/crbiomed.org\/\u00bb][\/vc_column_inner][vc_column_inner width=\u00bb1\/4&#8243;][vc_single_image image=\u00bb771&#8243; img_size=\u00bb180&#215;100&#8243; alignment=\u00bbcenter\u00bb onclick=\u00bbcustom_link\u00bb img_link_target=\u00bb_blank\u00bb link=\u00bbhttps:\/\/www.europabio.org\/\u00bb][\/vc_column_inner][vc_column_inner width=\u00bb1\/4&#8243;][vc_raw_html][\/vc_raw_html][vc_single_image image=\u00bb769&#8243; img_size=\u00bbmedium\u00bb alignment=\u00bbcenter\u00bb onclick=\u00bbcustom_link\u00bb img_link_target=\u00bb_blank\u00bb link=\u00bbhttp:\/\/www.foarbi.org.ar\/ppal\/\u00bb][\/vc_column_inner][\/vc_row_inner][vc_row_inner][vc_column_inner width=\u00bb1\/4&#8243;][vc_single_image image=\u00bb764&#8243; img_size=\u00bbmedium\u00bb alignment=\u00bbcenter\u00bb onclick=\u00bbcustom_link\u00bb img_link_target=\u00bb_blank\u00bb link=\u00bbhttp:\/\/foodforlife-spain.es\/\u00bb][\/vc_column_inner][vc_column_inner width=\u00bb1\/4&#8243;][vc_single_image image=\u00bb852&#8243; img_size=\u00bb300&#215;100&#8243; alignment=\u00bbcenter\u00bb onclick=\u00bbcustom_link\u00bb img_link_target=\u00bb_blank\u00bb link=\u00bbhttps:\/\/fundacion-antama.org\/\u00bb][\/vc_column_inner][vc_column_inner width=\u00bb1\/4&#8243;][vc_single_image image=\u00bb712&#8243; img_size=\u00bb280&#215;60&#8243; alignment=\u00bbcenter\u00bb onclick=\u00bbcustom_link\u00bb img_link_target=\u00bb_blank\u00bb link=\u00bbhttps:\/\/empresas.jcyl.es\/web\/jcyl\/Empresas\/es\/Plantilla100Detalle\/1255644717729\/_\/1142233486201\/DirectorioPadre\u00bb][\/vc_column_inner][vc_column_inner width=\u00bb1\/4&#8243;][vc_single_image image=\u00bb714&#8243; img_size=\u00bbmedium\u00bb alignment=\u00bbcenter\u00bb onclick=\u00bbcustom_link\u00bb img_link_target=\u00bb_blank\u00bb link=\u00bbhttp:\/\/www.pcb.ub.edu\/portal\/es\/home\u00bb][\/vc_column_inner][\/vc_row_inner][vc_row_inner][vc_column_inner width=\u00bb1\/4&#8243;][vc_raw_html][\/vc_raw_html][vc_single_image image=\u00bb716&#8243; img_size=\u00bb200&#215;100&#8243; alignment=\u00bbcenter\u00bb onclick=\u00bbcustom_link\u00bb img_link_target=\u00bb_blank\u00bb link=\u00bbhttps:\/\/www.pteco2.es\/es\u00bb][\/vc_column_inner][vc_column_inner width=\u00bb1\/4&#8243;][vc_raw_html][\/vc_raw_html][vc_single_image image=\u00bb718&#8243; img_size=\u00bbmedium\u00bb alignment=\u00bbcenter\u00bb onclick=\u00bbcustom_link\u00bb img_link_target=\u00bb_blank\u00bb link=\u00bbhttps:\/\/www.ptsgranada.com\/\u00bb][\/vc_column_inner][vc_column_inner width=\u00bb1\/4&#8243;][vc_raw_html][\/vc_raw_html][vc_raw_html][\/vc_raw_html][vc_single_image image=\u00bb884&#8243; img_size=\u00bbmedium\u00bb alignment=\u00bbcenter\u00bb onclick=\u00bbcustom_link\u00bb img_link_target=\u00bb_blank\u00bb link=\u00bbhttps:\/\/www.stanpa.com\/\u00bb][\/vc_column_inner][vc_column_inner width=\u00bb1\/4&#8243;][vc_single_image image=\u00bb805&#8243; img_size=\u00bbmedium\u00bb alignment=\u00bbcenter\u00bb onclick=\u00bbcustom_link\u00bb img_link_target=\u00bb_blank\u00bb link=\u00bbhttps:\/\/www.suschem-es.org\/\u00bb][\/vc_column_inner][\/vc_row_inner][mk_padding_divider][vc_row_inner][vc_column_inner][vc_column_text css=\u00bb.vc_custom_1602786955726{margin-bottom: 0px !important;}\u00bb]\n<h1><span style=\"color: #339966;\">Sobre AseBio<\/span><\/h1>\n[\/vc_column_text][\/vc_column_inner][\/vc_row_inner][vc_row_inner][vc_column_inner][vc_column_text css=\u00bb.vc_custom_1603119087580{margin-bottom: 0px !important;}\u00bb]\n<p style=\"text-align: justify;\"><span style=\"color: #339966;\">En la <strong>Asociaci\u00f3n Espa\u00f1ola de Bioempresas (AseBio)<\/strong> agrupamos y representamos los intereses de empresas, asociaciones, fundaciones, universidades y centros tecnol\u00f3gicos y de investigaci\u00f3n que desarrollan actividades en el \u00e1mbito de la biotecnolog\u00eda en Espa\u00f1a.<\/span><\/p>\n<p style=\"text-align: justify;\"><span style=\"color: #339966;\">Colaboramos estrechamente con las administraciones regionales, nacionales y europeas, as\u00ed como con todas aquellas organizaciones sociales comprometidas con la ciencia y el uso de la Biotecnolog\u00eda para la mejora de la calidad de vida de las personas, la sostenibilidad del planeta, el desarrollo econ\u00f3mico y la generaci\u00f3n de empleo de alto valor a\u00f1adido. Por ello, desde hace 20 a\u00f1os trabajamos para lograr avances positivos en la pol\u00edtica y la econom\u00eda que favorezcan e impulsen el desarrollo del sector biotecnol\u00f3gico espa\u00f1ol.<\/span><\/p>\n[\/vc_column_text][\/vc_column_inner][\/vc_row_inner][vc_row_inner][vc_column_inner width=\u00bb2\/3&#8243;][vc_column_text css=\u00bb.vc_custom_1603119118574{margin-bottom: 0px !important;}\u00bb]\n<p style=\"text-align: justify;\"><strong>\u00bfTe interesa formar parte de AseBio? <\/strong><span style=\"color: #339966;\">\u00danete a una comunidad de m\u00e1s de 270 empresas y entidades\u00a0 comprometidas con la ciencia y innovaci\u00f3n como motor de desarrollo econ\u00f3mico sostenible y bienestar social.<\/span><\/p>\n[\/vc_column_text][\/vc_column_inner][vc_column_inner width=\u00bb1\/3&#8243;][vc_btn title=\u00bbM\u00e1s informaci\u00f3n aqu\u00ed\u00bb style=\u00bboutline-custom\u00bb outline_custom_color=\u00bb#5dbcaa\u00bb outline_custom_hover_background=\u00bb#abd08d\u00bb outline_custom_hover_text=\u00bb#ffffff\u00bb shape=\u00bbround\u00bb size=\u00bblg\u00bb align=\u00bbcenter\u00bb link=\u00bburl:https%3A%2F%2Fwww.asebio.com%2Fsocios%2Fcomo-asociarse||target:%20_blank|\u00bb][\/vc_column_inner][\/vc_row_inner][\/vc_column][\/vc_row][vc_row][vc_column][mk_padding_divider][mk_padding_divider][vc_column_text css=\u00bb.vc_custom_1602722695900{margin-bottom: 0px !important;}\u00bb]\n<h1><span style=\"color: #339966;\">Organizado por:<\/span><\/h1>\n[\/vc_column_text][vc_row_inner][vc_column_inner][vc_single_image image=\u00bb531&#8243; img_size=\u00bbmedium\u00bb alignment=\u00bbcenter\u00bb onclick=\u00bbcustom_link\u00bb img_link_target=\u00bb_blank\u00bb link=\u00bbhttp:\/\/www.asebio.com\/\u00bb][\/vc_column_inner][\/vc_row_inner][vc_row_inner][vc_column_inner width=\u00bb1\/3&#8243;][vc_single_image image=\u00bb538&#8243; img_size=\u00bbmedium\u00bb alignment=\u00bbcenter\u00bb onclick=\u00bbcustom_link\u00bb img_link_target=\u00bb_blank\u00bb link=\u00bbhttps:\/\/www.icex.es\/icex\/es\/index.html\u00bb][\/vc_column_inner][vc_column_inner width=\u00bb1\/3&#8243;][vc_single_image image=\u00bb540&#8243; img_size=\u00bbmedium\u00bb alignment=\u00bbcenter\u00bb onclick=\u00bbcustom_link\u00bb img_link_target=\u00bb_blank\u00bb link=\u00bbhttps:\/\/www.icex.es\/icex\/es\/index.html\u00bb][\/vc_column_inner][vc_column_inner width=\u00bb1\/3&#8243;][vc_single_image image=\u00bb533&#8243; img_size=\u00bbmedium\u00bb alignment=\u00bbcenter\u00bb][\/vc_column_inner][\/vc_row_inner][vc_row_inner][vc_column_inner][vc_single_image image=\u00bb665&#8243; img_size=\u00bb600&#215;65&#8243; alignment=\u00bbcenter\u00bb onclick=\u00bbcustom_link\u00bb img_link_target=\u00bb_blank\u00bb link=\u00bbhttps:\/\/mercadosbiotecnologicos.com\/\u00bb][\/vc_column_inner][\/vc_row_inner][\/vc_column][\/vc_row][vc_row][vc_column][\/vc_column][\/vc_row][vc_column width=\u00bb1\/6&#8243;][\/vc_column]\n","protected":false},"excerpt":{"rendered":"<p>[mk_page_section bg_image=\u00bbhttps:\/\/asebioevents.com\/green\/wp-content\/uploads\/sites\/3\/2020\/10\/im_comp-1.jpg\u00bb bg_position=\u00bbcenter bottom\u00bb bg_stretch=\u00bbtrue\u00bb speed_factor=\u00bb-0.3&#8243; full_width=\u00bbtrue\u00bb full_height=\u00bbtrue\u00bb bottom_shape_bg_color=\u00bb#ededed\u00bb sidebar=\u00bbsidebar-1&#8243;][vc_column width=\u00bb1\/2&#8243;][vc_column][\/vc_column][\/vc_column][\/mk_page_section][vc_row][vc_column border_color=\u00bb#ffffff\u00bb css=\u00bb.vc_custom_1602729029576{background-color: #ffffff !important;}\u00bb][mk_padding_divider][vc_column_text css=\u00bb.vc_custom_1602729111508{margin-bottom: 0px !important;}\u00bb] AseBio Green Innovation Forum [\/vc_column_text][vc_column_text css=\u00bb.vc_custom_1602777092504{margin-bottom: 0px !important;}\u00bb]La IV Edici\u00f3n del Foro de Agrobiotecnolog\u00eda y Bioeconom\u00eda Circular de AseBio cambia de nombre al AseBio Green Innovation Forum, aline\u00e1ndose con la denominaci\u00f3n de los programas de recuperaci\u00f3n nacionales [&hellip;]<\/p>\n","protected":false},"author":1,"featured_media":0,"parent":0,"menu_order":0,"comment_status":"closed","ping_status":"closed","template":"","meta":{"_mi_skip_tracking":false},"_links":{"self":[{"href":"https:\/\/asebioevents.com\/green\/wp-json\/wp\/v2\/pages\/48"}],"collection":[{"href":"https:\/\/asebioevents.com\/green\/wp-json\/wp\/v2\/pages"}],"about":[{"href":"https:\/\/asebioevents.com\/green\/wp-json\/wp\/v2\/types\/page"}],"author":[{"embeddable":true,"href":"https:\/\/asebioevents.com\/green\/wp-json\/wp\/v2\/users\/1"}],"replies":[{"embeddable":true,"href":"https:\/\/asebioevents.com\/green\/wp-json\/wp\/v2\/comments?post=48"}],"version-history":[{"count":107,"href":"https:\/\/asebioevents.com\/green\/wp-json\/wp\/v2\/pages\/48\/revisions"}],"predecessor-version":[{"id":887,"href":"https:\/\/asebioevents.com\/green\/wp-json\/wp\/v2\/pages\/48\/revisions\/887"}],"wp:attachment":[{"href":"https:\/\/asebioevents.com\/green\/wp-json\/wp\/v2\/media?parent=48"}],"curies":[{"name":"wp","href":"https:\/\/api.w.org\/{rel}","templated":true}]}}