{"id":6,"date":"2019-01-31T15:29:17","date_gmt":"2019-01-31T15:29:17","guid":{"rendered":"https:\/\/asebioevents.com\/agrobiotecnologia\/?page_id=6"},"modified":"2020-11-25T17:10:41","modified_gmt":"2020-11-25T17:10:41","slug":"participantes","status":"publish","type":"page","link":"https:\/\/asebioevents.com\/green\/participantes\/","title":{"rendered":"Participantes"},"content":{"rendered":"[mk_page_section bg_image=\u00bbhttps:\/\/asebioevents.com\/green\/wp-content\/uploads\/sites\/3\/2019\/01\/agrobio.jpg\u00bb bg_position=\u00bbcenter bottom\u00bb bg_repeat=\u00bbno-repeat\u00bb bg_stretch=\u00bbtrue\u00bb video_color_mask=\u00bbrgba(77,140,43,0.6)\u00bb min_height=\u00bb275&#8243; full_width=\u00bbtrue\u00bb sidebar=\u00bbsidebar-1&#8243;][vc_column][mk_padding_divider size=\u00bb78&#8243;][vc_column_text css=\u00bb.vc_custom_1602757607385{margin-bottom: 0px !important;}\u00bb]\n<h1 style=\"text-align: center;\"><span style=\"color: #ffffff;\">Participantes<\/span><\/h1>\n[\/vc_column_text][\/vc_column][\/mk_page_section][mk_page_section][vc_column][mk_padding_divider size=\u00bb78&#8243;][vc_column_text css=\u00bb.vc_custom_1606324154033{margin-bottom: 0px !important;}\u00bb]<span style=\"color: #339966;\"><strong>Entidades registradas a 25.11.2020<\/strong><\/span>[\/vc_column_text][mk_table]\n<table width=\"653\">\n<tbody>\n<tr>\n<td style=\"text-align: left;\" width=\"653\">ACCIONA ENERG\u00cdA<\/td>\n<\/tr>\n<tr>\n<td style=\"text-align: left;\" width=\"653\">AENA<\/td>\n<\/tr>\n<tr>\n<td style=\"text-align: left;\" width=\"653\">AEPLA-ASOCIACI\u00d3N EMPRESARIAL PARA LA PROTECCI\u00d3N DE LAS PLANTAS<\/td>\n<\/tr>\n<tr>\n<td style=\"text-align: left;\">AINIA<\/td>\n<\/tr>\n<tr>\n<td style=\"text-align: left;\">ALGAENERGY<\/td>\n<\/tr>\n<tr>\n<td style=\"text-align: left;\">ALIANZA POR UNA AGRICULTURA SOSTENIBLE (ALAS)<\/td>\n<\/tr>\n<tr>\n<td style=\"text-align: left;\">ANOVE-ASOCIACI\u00d3N NACIONAL DE OBTENTORES VEGETALES<\/td>\n<\/tr>\n<tr>\n<td style=\"text-align: left;\">ANTONIO PUIG S.A.<\/td>\n<\/tr>\n<tr>\n<td style=\"text-align: left;\">ASAJA<\/td>\n<\/tr>\n<tr>\n<td style=\"text-align: left;\" width=\"653\">ASEBIO<\/td>\n<\/tr>\n<tr>\n<td style=\"text-align: left;\" width=\"653\">ASOCIACI\u00d3N UNIDAD INNOVACI\u00d3N SOCIAL UIS<\/td>\n<\/tr>\n<tr>\n<td style=\"text-align: left;\" width=\"653\">AYUNTAMIENTO DE MADRID<\/td>\n<\/tr>\n<tr>\n<td style=\"text-align: left;\" width=\"653\">BARCLAYS<\/td>\n<\/tr>\n<tr>\n<td style=\"text-align: left;\" width=\"653\">BAYER CROP SCIENCE ESPA\u00d1A<\/td>\n<\/tr>\n<tr>\n<td style=\"text-align: left;\">BEIERSDORF<\/td>\n<\/tr>\n<tr>\n<td style=\"text-align: left;\" width=\"653\">BIOCUBAFARMA-GROUP OF BIOTECHNOLOGY AND PHARMACEUTICAL INDUSTRIES<\/td>\n<\/tr>\n<tr>\n<td style=\"text-align: left;\" width=\"653\">BIOGA<\/td>\n<\/tr>\n<tr>\n<td style=\"text-align: left;\" width=\"653\">BIORIZON BIOTECH<\/td>\n<\/tr>\n<tr>\n<td style=\"text-align: left;\" width=\"653\">BIOQUIOCHEM<\/td>\n<\/tr>\n<tr>\n<td style=\"text-align: left;\" width=\"653\">BUSINESS FRANCE<\/td>\n<\/tr>\n<tr>\n<td style=\"text-align: left;\">CAJAMAR<\/td>\n<\/tr>\n<tr>\n<td style=\"text-align: left;\">CDTI<\/td>\n<\/tr>\n<tr>\n<td style=\"text-align: left;\">CENER &#8211; CENTRO NACIONAL DE ENERGIAS RENOVABLES<\/td>\n<\/tr>\n<tr>\n<td style=\"text-align: left;\">CENTER FOR GENETIC ENGINEERING AND BIOTECHNOLOGY (CIGB)<\/td>\n<\/tr>\n<tr>\n<td style=\"text-align: left;\">CENTRO DE BIOTECNOLOGIA Y GENOMICA DE PLANTAS (CBGP &#8211; UPM\/INIA)<\/td>\n<\/tr>\n<tr>\n<td style=\"text-align: left;\">CENTRO NACIONAL DE BIOTECNOLOGIA &#8211; CSIC<\/td>\n<\/tr>\n<tr>\n<td style=\"text-align: left;\">CEOE<\/td>\n<\/tr>\n<tr>\n<td style=\"text-align: left;\">CIBUS 3.0<\/td>\n<\/tr>\n<tr>\n<td style=\"text-align: left;\">CICYTEX &#8211; CENTRO DE INVESTIGACIONES CIENTIFICAS Y TECNOLOGICAS DE EXTREMADURA<\/td>\n<\/tr>\n<tr>\n<td style=\"text-align: left;\">CNEURO<\/td>\n<\/tr>\n<tr>\n<td style=\"text-align: left;\">COMISION EUROPEA<\/td>\n<\/tr>\n<tr>\n<td style=\"text-align: left;\">COMPA\u00d1\u00cdA ESPA\u00d1OLA DE PETR\u00d3LEOS, S.A.<\/td>\n<\/tr>\n<tr>\n<td style=\"text-align: left;\">CONSEJER\u00cdA DE ECONOM\u00cdA, EMPLEO Y COMPETITIVIDAD DE LA COMUNIDAD DE MADRID<\/td>\n<\/tr>\n<tr>\n<td style=\"text-align: left;\" width=\"653\">CSIC<\/td>\n<\/tr>\n<tr>\n<td style=\"text-align: left;\" width=\"653\">DIAGRAMMA S.A.<\/td>\n<\/tr>\n<tr>\n<td style=\"text-align: left;\">DNA ADVISORY SERVICES<\/td>\n<\/tr>\n<tr>\n<td style=\"text-align: left;\">DROPS &amp; BUBBLES TECNOLOGIA<\/td>\n<\/tr>\n<tr>\n<td style=\"text-align: left;\">ENISA<\/td>\n<\/tr>\n<tr>\n<td style=\"text-align: left;\">F INICIATIVAS<\/td>\n<\/tr>\n<tr>\n<td style=\"text-align: left;\">FAB-FORO ARGENTINO DE BIOTECNOLOG\u00cdA<\/td>\n<\/tr>\n<tr>\n<td style=\"text-align: left;\" width=\"653\">FERTINAGRO BIOTECH<\/td>\n<\/tr>\n<tr>\n<td style=\"text-align: left;\" width=\"653\">FINLAY INSTITUTE OF VACCINE (IFV)<\/td>\n<\/tr>\n<tr>\n<td style=\"text-align: left;\">FUNDACION ANTAMA<\/td>\n<\/tr>\n<tr>\n<td style=\"text-align: left;\">FUNDACI\u00d3N GENERAL DE LA UNIVERSIDAD DE BURGOS<\/td>\n<\/tr>\n<tr>\n<td style=\"text-align: left;\">FUNDACION MEDINA<\/td>\n<\/tr>\n<tr>\n<td style=\"text-align: left;\">GOMEZ &#8211; ACEBO &amp; POMBO<\/td>\n<\/tr>\n<tr>\n<td style=\"text-align: left;\" width=\"653\">GRUPO EMPRESARIAL LA CA\u00d1A<\/td>\n<\/tr>\n<tr>\n<td style=\"text-align: left;\">HISPACOOP &#8211; CONFEDERACION DE COPERATIVAS DE CONSUMIDORES Y USUARIOS<\/td>\n<\/tr>\n<tr>\n<td style=\"text-align: left;\" width=\"653\">IATEX &#8211; INCUBADORA ALTA TECNOLOG\u00cdA EN BIOECONOM\u00cdA Y ECONOM\u00cdA CIRCULAR<\/td>\n<\/tr>\n<tr>\n<td style=\"text-align: left;\" width=\"653\">ICEX<\/td>\n<\/tr>\n<tr>\n<td style=\"text-align: left;\" width=\"653\">IMDEA<\/td>\n<\/tr>\n<tr>\n<td style=\"text-align: left;\" width=\"653\">INGENASA<\/td>\n<\/tr>\n<tr>\n<td style=\"text-align: left;\">INIA-INSTITUTO NACIONAL DE INVESTIGACI\u00d3N Y TECNOLOG\u00cdA AGRARIA Y ALIMENTARIA<\/td>\n<\/tr>\n<tr>\n<td style=\"text-align: left;\">INSTITUTO BIOMAR<\/td>\n<\/tr>\n<tr>\n<td style=\"text-align: left;\">INSTITUTO DEL MAR DEL PER\u00da &#8211; IMARPE<\/td>\n<\/tr>\n<tr>\n<td style=\"text-align: left;\">INSTITUTO PARA LA COMPETITIVIDAD EMPRESARIAL DE CASTILLA Y LE\u00d3N<\/td>\n<\/tr>\n<tr>\n<td style=\"text-align: left;\" width=\"653\">LEITAT-ACONDICIONAMIENTO TERRASSENSE<\/td>\n<\/tr>\n<tr>\n<td style=\"text-align: left;\" width=\"653\">LIPOFOODS SLU<\/td>\n<\/tr>\n<tr>\n<td style=\"text-align: left;\">LUND UNIVERSITY<\/td>\n<\/tr>\n<tr>\n<td style=\"text-align: left;\">MARKETPLAZA &#8211; LATAM LIFE SCIENCES BUSINESS DEVELOPMENT<\/td>\n<\/tr>\n<tr>\n<td style=\"text-align: left;\" width=\"653\">MEALFOOD EUROPE<\/td>\n<\/tr>\n<tr>\n<td style=\"text-align: left;\" width=\"653\">MINISTERIO DE AGRICULTURA, PESCA Y ALIMENTACI\u00d3N<\/td>\n<\/tr>\n<tr>\n<td style=\"text-align: left;\">MINISTERIO DE INDUSTRIA, COMERCIO Y TURISMO<\/td>\n<\/tr>\n<tr>\n<td style=\"text-align: left;\">MOA FOODTECH<\/td>\n<\/tr>\n<tr>\n<td style=\"text-align: left;\">NANOGAP SUB NM POWDER<\/td>\n<\/tr>\n<tr>\n<td style=\"text-align: left;\">NATAC BIOTECH<\/td>\n<\/tr>\n<tr>\n<td style=\"text-align: left;\" width=\"653\">PARLAMENTO EUROPEO<\/td>\n<\/tr>\n<tr>\n<td style=\"text-align: left;\">PEDAL CONSULTING<\/td>\n<\/tr>\n<tr>\n<td style=\"text-align: left;\">PENTABIOL<\/td>\n<\/tr>\n<tr>\n<td style=\"text-align: left;\" width=\"653\">PLANT RESPONSE<\/td>\n<\/tr>\n<tr>\n<td style=\"text-align: left;\">PLATAFORMA DE MERCADOS BIOTECNOLOGICOS<\/td>\n<\/tr>\n<tr>\n<td style=\"text-align: left;\">PONTIFICIA UNIVERSIDAD CAT\u00d3LICA DE CHILE<\/td>\n<\/tr>\n<tr>\n<td style=\"text-align: left;\" width=\"653\">PROTOQSAR SL<\/td>\n<\/tr>\n<tr>\n<td style=\"text-align: left;\">PSOE<\/td>\n<\/tr>\n<tr>\n<td style=\"text-align: left;\">PWC<\/td>\n<\/tr>\n<tr>\n<td style=\"text-align: left;\">REPSOL<\/td>\n<\/tr>\n<tr>\n<td style=\"text-align: left;\">REVISTA ALIMENTARIA<\/td>\n<\/tr>\n<tr>\n<td style=\"text-align: left;\">SEDIGAS<\/td>\n<\/tr>\n<tr>\n<td style=\"text-align: left;\">SOCIEDAD DE PROMOCI\u00d3N ECON\u00d3MICA DE GRAN CANARIA<\/td>\n<\/tr>\n<tr>\n<td style=\"text-align: left;\">SODENA<\/td>\n<\/tr>\n<tr>\n<td style=\"text-align: left;\" width=\"653\">STANPA-ASOCIACION NACIONAL DE PERFUMERIA Y COSMETICA<\/td>\n<\/tr>\n<tr>\n<td style=\"text-align: left;\">UNIVERSIDAD DE ALMERIA<\/td>\n<\/tr>\n<tr>\n<td style=\"text-align: left;\">UNIVERSIDAD T\u00c9CNICA DE MUNICH<\/td>\n<\/tr>\n<tr>\n<td style=\"text-align: left;\">UPA &#8211; UNION DE PEQUE\u00d1OS AGRICULTORES Y GANADEROS<\/td>\n<\/tr>\n<tr>\n<td style=\"text-align: left;\">UREK BIOTECNOLOGIA<\/td>\n<\/tr>\n<tr>\n<td style=\"text-align: left;\">VICOFAN<\/td>\n<\/tr>\n<tr>\n<td style=\"text-align: left;\">VIRGINIA BEACH DEPARTMENT OF ECONOMIC DEVELOPMENT<\/td>\n<\/tr>\n<tr>\n<td style=\"text-align: left;\">WEENAT<\/td>\n<\/tr>\n<\/tbody>\n<\/table>\n[\/mk_table][\/vc_column][\/mk_page_section]\n","protected":false},"excerpt":{"rendered":"<p>[mk_page_section bg_image=\u00bbhttps:\/\/asebioevents.com\/green\/wp-content\/uploads\/sites\/3\/2019\/01\/agrobio.jpg\u00bb bg_position=\u00bbcenter bottom\u00bb bg_repeat=\u00bbno-repeat\u00bb bg_stretch=\u00bbtrue\u00bb video_color_mask=\u00bbrgba(77,140,43,0.6)\u00bb min_height=\u00bb275&#8243; full_width=\u00bbtrue\u00bb sidebar=\u00bbsidebar-1&#8243;][vc_column][mk_padding_divider size=\u00bb78&#8243;][vc_column_text css=\u00bb.vc_custom_1602757607385{margin-bottom: 0px !important;}\u00bb] Participantes [\/vc_column_text][\/vc_column][\/mk_page_section][mk_page_section][vc_column][mk_padding_divider size=\u00bb78&#8243;][vc_column_text css=\u00bb.vc_custom_1606324154033{margin-bottom: 0px !important;}\u00bb]Entidades registradas a 25.11.2020[\/vc_column_text][mk_table] ACCIONA ENERG\u00cdA AENA AEPLA-ASOCIACI\u00d3N EMPRESARIAL PARA LA PROTECCI\u00d3N DE LAS PLANTAS AINIA ALGAENERGY ALIANZA POR UNA AGRICULTURA SOSTENIBLE (ALAS) ANOVE-ASOCIACI\u00d3N NACIONAL DE OBTENTORES VEGETALES ANTONIO PUIG S.A. ASAJA ASEBIO ASOCIACI\u00d3N UNIDAD INNOVACI\u00d3N [&hellip;]<\/p>\n","protected":false},"author":1,"featured_media":0,"parent":0,"menu_order":0,"comment_status":"closed","ping_status":"closed","template":"","meta":{"_mi_skip_tracking":false},"_links":{"self":[{"href":"https:\/\/asebioevents.com\/green\/wp-json\/wp\/v2\/pages\/6"}],"collection":[{"href":"https:\/\/asebioevents.com\/green\/wp-json\/wp\/v2\/pages"}],"about":[{"href":"https:\/\/asebioevents.com\/green\/wp-json\/wp\/v2\/types\/page"}],"author":[{"embeddable":true,"href":"https:\/\/asebioevents.com\/green\/wp-json\/wp\/v2\/users\/1"}],"replies":[{"embeddable":true,"href":"https:\/\/asebioevents.com\/green\/wp-json\/wp\/v2\/comments?post=6"}],"version-history":[{"count":44,"href":"https:\/\/asebioevents.com\/green\/wp-json\/wp\/v2\/pages\/6\/revisions"}],"predecessor-version":[{"id":938,"href":"https:\/\/asebioevents.com\/green\/wp-json\/wp\/v2\/pages\/6\/revisions\/938"}],"wp:attachment":[{"href":"https:\/\/asebioevents.com\/green\/wp-json\/wp\/v2\/media?parent=6"}],"curies":[{"name":"wp","href":"https:\/\/api.w.org\/{rel}","templated":true}]}}