{"id":634,"date":"2020-10-16T10:38:59","date_gmt":"2020-10-16T10:38:59","guid":{"rendered":"https:\/\/asebioevents.com\/green\/?page_id=634"},"modified":"2020-10-27T11:21:55","modified_gmt":"2020-10-27T11:21:55","slug":"privacidad","status":"publish","type":"page","link":"https:\/\/asebioevents.com\/green\/privacidad\/","title":{"rendered":"Politica de privacidad"},"content":{"rendered":"[mk_page_section bg_position=\u00bbcenter center\u00bb bg_repeat=\u00bbno-repeat\u00bb bg_stretch=\u00bbtrue\u00bb video_color_mask=\u00bb#ffffff\u00bb video_opacity=\u00bb0.4&#8243; min_height=\u00bb275&#8243; full_width=\u00bbtrue\u00bb sidebar=\u00bbsidebar-1&#8243;][vc_column][mk_padding_divider size=\u00bb50&#8243;][vc_column_text align=\u00bbcenter\u00bb css=\u00bb.vc_custom_1603797700957{margin-bottom: 0px !important;}\u00bb]\n<h1><\/h1>\n<h1 style=\"text-align: center;\"><strong>POL\u00cdTICA DE PRIVACIDAD<\/strong><\/h1>\n[\/vc_column_text][\/vc_column][\/mk_page_section][vc_row][vc_column][vc_column_text css=\u00bb.vc_custom_1603797630461{margin-bottom: 0px !important;}\u00bb]<strong>\u00daltima actualizaci\u00f3n: Octubre de 2020<\/strong><\/p>\n<p>El titular del presente sitio web establece la siguiente Pol\u00edtica de Privacidad, que seguir\u00e1 en el tratamiento de sus datos de car\u00e1cter personal.<\/p>\n<ol>\n<li><strong>\u00bfQui\u00e9n es el responsable del tratamiento de sus datos personales?<\/strong><\/li>\n<\/ol>\n<p>La entidad responsable del tratamiento de sus datos es la Asociaci\u00f3n Espa\u00f1ola de Bioempresas (AseBio), con NIF G82643453, domicilio en C\/ Diego de Le\u00f3n, n\u00ba 49, 1\u00ba izquierda, C.P. 28006 de Madrid, y direcci\u00f3n de correo electr\u00f3nico <a href=\"mailto:secretariageneral@asebio.com\">secretariageneral@AseBio.com<\/a><\/p>\n<ol start=\"2\">\n<li><strong>\u00bfCu\u00e1les son las finalidades del tratamiento de los datos personales?<\/strong><\/li>\n<\/ol>\n<p>Los datos personales aportados de forma voluntaria a trav\u00e9s de cualquier medio puesto a disposici\u00f3n de AseBio ser\u00e1n tratados con las siguientes finalidades:<\/p>\n<ul>\n<li>Gestionar todas las solicitudes de informaci\u00f3n, consulta, reclamaci\u00f3n o cualquier otro tipo de petici\u00f3n realizada ante AseBio.<\/li>\n<li>Gestionar su inscripci\u00f3n y asistencia al evento, hasta la finalizaci\u00f3n del mismo.<\/li>\n<li>Cuando el usuario preste su consentimiento expreso para ello, enviarle comunicaciones comerciales sobre los futuros eventos organizados por ASEBIO.<\/li>\n<\/ul>\n<p>Usted garantiza la autenticidad de todos aquellos datos que comunique siendo el \u00fanico responsable de las manifestaciones falsas o inexactas que realice y de los perjuicios que cause a ASEBIO o a terceros por la informaci\u00f3n que facilite.<\/p>\n<ol start=\"3\">\n<li><strong>\u00bfCu\u00e1l es la base legal para el tratamiento de sus datos?<\/strong><\/li>\n<\/ol>\n<p>La base legal para el tratamiento de sus datos personales es el consentimiento expreso que usted presta pulsando el bot\u00f3n de \u201cenviar\u201d del correspondiente formulario de recogida de datos o con el env\u00edo de estos datos por cualquier otro medio, as\u00ed como, en su caso, para la ejecuci\u00f3n de un contrato.<\/p>\n<p>Se informa que el interesado podr\u00e1 retirar su consentimiento en cualquier momento, sin que ello afecte a la licitud del tratamiento basado en el consentimiento previo a su retirada.<\/p>\n<p>Asimismo, los consentimientos obtenidos para las finalidades mencionadas son independientes por lo que el usuario podr\u00e1 revocar solo uno de ellos no afectando a los dem\u00e1s.<\/p>\n<ol start=\"4\">\n<li><strong>\u00bfCu\u00e1l es el plazo de conservaci\u00f3n de los datos?<\/strong><\/li>\n<\/ol>\n<p>Los datos personales facilitados se conservar\u00e1n mientras sean necesarios para la finalidad para la que fueron recogidos y, en todo caso, mientras Ud. no se oponga al tratamiento o solicite su supresi\u00f3n.<\/p>\n<p>Sin perjuicio de lo anterior, los datos personales se conservar\u00e1n debidamente bloqueados durante los plazos de prescripci\u00f3n aplicables para la atenci\u00f3n de posibles responsabilidades legales que pudieran derivarse del tratamiento.<\/p>\n<ol start=\"5\">\n<li><strong>\u00bfA qui\u00e9n le comunicaremos sus datos<\/strong> <strong>personales?<\/strong><\/li>\n<\/ol>\n<p>Se pedir\u00e1n, entre otros, datos relativos a la tarjeta de cr\u00e9dito o d\u00e9bito, los cuales ser\u00e1n comunicados, a trav\u00e9s de la empresa titular de la plataforma de pago Redsys, a la entidad financiera, que gestiona el cobro. Esta comunicaci\u00f3n de datos responde a la libre y leg\u00edtima aceptaci\u00f3n de la relaci\u00f3n jur\u00eddica en la que el desarrollo, cumplimiento y control implica necesariamente la conexi\u00f3n de este tratamiento con terceros.<\/p>\n<p>Asimismo, los datos personales podr\u00e1n ser comunicados a los proveedores de AseBio a quienes se hubiera encargado alg\u00fan servicio relacionado con la finalidad del tratamiento, siempre cumpliendo para ello los requisitos establecidos por la legislaci\u00f3n vigente. Entre estos proveedores se encuentran los proveedores de acreditaciones, la secretaria t\u00e9cnica y de partnering.<\/p>\n<p>En este sentido, para el env\u00edo de comunicaciones comerciales por v\u00eda electr\u00f3nica, AseBio ha recurrido al proveedor de servicios Mailchimp \/ The Rocket Science Group, un proveedor de gesti\u00f3n de listas de distribuci\u00f3n y campa\u00f1as de email sito en Estado Unidos, por lo que el uso de sus servicios supone la transferencia internacional de sus datos fuera de la Uni\u00f3n Europea. No obstante a ello, Mailchimp est\u00e1 adherido al Escudo de Privacidad de la U.E.- EE.UU., por lo que tiene reconocido por la Comisi\u00f3n Europea un nivel adecuado de protecci\u00f3n de datos. El Escudo de Privacidad de la U.E.- EE.UU. garantiza que Mailchimp se compromete a cumplir con unos requisitos m\u00ednimos de seguridad exigidos por la legislaci\u00f3n europea de protecci\u00f3n de datos de car\u00e1cter personal. Para m\u00e1s detalles, puede consultar la pol\u00edtica de privacidad de Mailchimp [http:\/\/mailchimp.com\/legal\/privacy\/]\n<ol start=\"6\">\n<li><strong>\u00bfQu\u00e9 derechos le asisten como titular de los datos?<\/strong><\/li>\n<\/ol>\n<p>Como titular de los datos personales, puede ejercitar, con las excepciones y l\u00edmites establecidos en la normativa aplicable en materia de protecci\u00f3n de datos, los siguientes derechos:<\/p>\n<ul>\n<li><strong>Derecho a retirar el consentimiento prestado<\/strong> para el tratamiento de sus datos personales en cualquier momento.<\/li>\n<li><strong>Derecho de acceso:<\/strong> permite al titular de los datos obtener informaci\u00f3n sobre si estamos tratando datos personales que le conciernen y, en caso afirmativo, a obtener una copia de dichos datos.<\/li>\n<li><strong>Derecho de rectificaci\u00f3n:<\/strong> permite corregir errores y modificar los datos que tengamos de usted que resulten ser inexactos o incompletos.<\/li>\n<li><strong>Derecho de supresi\u00f3n:<\/strong> permite que los datos sean suprimidos y dejen de tratarse por ASEBIO, salvo que exista obligaci\u00f3n legal de conservarlos y\/o no prevalezcan otros motivos leg\u00edtimos para su tratamiento.<\/li>\n<li><strong>Derecho de limitaci\u00f3n del tratamiento<\/strong>: bajo las condiciones establecidas legalmente, permite que el tratamiento de datos se suspenda, de tal manera que se evite el tratamiento por parte de AseBio, conserv\u00e1ndolos \u00fanicamente para el ejercicio o la defensa de reclamaciones.<\/li>\n<li><strong>Derecho a no ser objeto de decisiones individuales automatizadas, <\/strong>incluida la elaboraci\u00f3n de perfiles.<\/li>\n<li><strong>Derecho de oposici\u00f3n:<\/strong> en determinadas circunstancias y por motivos relacionados con su situaci\u00f3n particular, los interesados podr\u00e1n oponerse al tratamiento de sus datos. AseBio dejar\u00e1 de tratar los datos, salvo por motivos leg\u00edtimos imperiosos, o para el ejercicio o la defensa de posibles reclamaciones.<\/li>\n<li><strong>Derecho a la portabilidad de los datos:<\/strong> permite al interesado recibir los datos personales que nos haya facilitado, para poder transmitirlos a otro responsable, en un formato estructurado, de uso com\u00fan y lectura mec\u00e1nica.<\/li>\n<\/ul>\n<p>Para ello, puede dirigirse por escrito al Responsable de Tratamiento, acompa\u00f1ando una fotocopia del documento nacional de identidad e indicando el derecho que ejercita.<\/p>\n<p>La solicitud por escrito deber\u00e1 ser remitida a la direcci\u00f3n postal C\/ Diego de Le\u00f3n, n\u00ba 49, 1\u00ba izquierda, C.P. 28006 de Madrid; o a la direcci\u00f3n de correo electr\u00f3nico <a href=\"mailto:secretariageneral@asebio.com\">secretariageneral@AseBio.com<\/a><\/p>\n<p>Asimismo, se informa expresamente de la posibilidad que le asiste de revocar en cualquier momento el consentimiento prestado para recibir comunicaciones comerciales. Para ello puede escribir a la direcci\u00f3n de correo electr\u00f3nico <a href=\"mailto:secretariageneral@asebio.com\">secretariageneral@AseBio.com<\/a>, indicando en el Asunto \u201cBaja Comunicaciones Comerciales\u201d.<\/p>\n<p>Por \u00faltimo, le informamos\u00a0 del derecho que le asiste a presentar una reclamaci\u00f3n ante la Agencia Espa\u00f1ola de Protecci\u00f3n de Datos (<a href=\"http:\/\/www.agpd.es\">www.agpd.es<\/a>), cuando considere que no ha obtenido satisfacci\u00f3n por parte del responsable del tratamiento en el ejercicio de sus derechos o considere que el tratamiento no se ajusta a la normativa vigente.[\/vc_column_text][\/vc_column][\/vc_row][vc_row][vc_column][\/vc_column][\/vc_row]\n","protected":false},"excerpt":{"rendered":"<p>[mk_page_section bg_position=\u00bbcenter center\u00bb bg_repeat=\u00bbno-repeat\u00bb bg_stretch=\u00bbtrue\u00bb video_color_mask=\u00bb#ffffff\u00bb video_opacity=\u00bb0.4&#8243; min_height=\u00bb275&#8243; full_width=\u00bbtrue\u00bb sidebar=\u00bbsidebar-1&#8243;][vc_column][mk_padding_divider size=\u00bb50&#8243;][vc_column_text align=\u00bbcenter\u00bb css=\u00bb.vc_custom_1603797700957{margin-bottom: 0px !important;}\u00bb] POL\u00cdTICA DE PRIVACIDAD [\/vc_column_text][\/vc_column][\/mk_page_section][vc_row][vc_column][vc_column_text css=\u00bb.vc_custom_1603797630461{margin-bottom: 0px !important;}\u00bb]\u00daltima actualizaci\u00f3n: Octubre de 2020 El titular del presente sitio web establece la siguiente Pol\u00edtica de Privacidad, que seguir\u00e1 en el tratamiento de sus datos de car\u00e1cter personal. \u00bfQui\u00e9n es el responsable del tratamiento [&hellip;]<\/p>\n","protected":false},"author":1,"featured_media":0,"parent":0,"menu_order":0,"comment_status":"closed","ping_status":"closed","template":"","meta":{"_mi_skip_tracking":false},"_links":{"self":[{"href":"https:\/\/asebioevents.com\/green\/wp-json\/wp\/v2\/pages\/634"}],"collection":[{"href":"https:\/\/asebioevents.com\/green\/wp-json\/wp\/v2\/pages"}],"about":[{"href":"https:\/\/asebioevents.com\/green\/wp-json\/wp\/v2\/types\/page"}],"author":[{"embeddable":true,"href":"https:\/\/asebioevents.com\/green\/wp-json\/wp\/v2\/users\/1"}],"replies":[{"embeddable":true,"href":"https:\/\/asebioevents.com\/green\/wp-json\/wp\/v2\/comments?post=634"}],"version-history":[{"count":4,"href":"https:\/\/asebioevents.com\/green\/wp-json\/wp\/v2\/pages\/634\/revisions"}],"predecessor-version":[{"id":757,"href":"https:\/\/asebioevents.com\/green\/wp-json\/wp\/v2\/pages\/634\/revisions\/757"}],"wp:attachment":[{"href":"https:\/\/asebioevents.com\/green\/wp-json\/wp\/v2\/media?parent=634"}],"curies":[{"name":"wp","href":"https:\/\/api.w.org\/{rel}","templated":true}]}}