{"id":645,"date":"2020-10-16T10:56:48","date_gmt":"2020-10-16T10:56:48","guid":{"rendered":"https:\/\/asebioevents.com\/green\/?page_id=645"},"modified":"2020-10-27T11:20:01","modified_gmt":"2020-10-27T11:20:01","slug":"cookies","status":"publish","type":"page","link":"https:\/\/asebioevents.com\/green\/cookies\/","title":{"rendered":"Cookies"},"content":{"rendered":"[mk_page_section bg_color=\u00bb#ffffff\u00bb border_color=\u00bb#ffffff\u00bb bg_position=\u00bbcenter center\u00bb bg_repeat=\u00bbno-repeat\u00bb bg_stretch=\u00bbtrue\u00bb video_color_mask=\u00bb#ffffff\u00bb video_opacity=\u00bb0.4&#8243; min_height=\u00bb275&#8243; full_width=\u00bbtrue\u00bb top_shape_color=\u00bb#ffffff\u00bb bottom_shape_bg_color=\u00bb#ffffff\u00bb sidebar=\u00bbsidebar-1&#8243;][vc_column border_color=\u00bb#ffffff\u00bb][mk_padding_divider size=\u00bb50&#8243;][vc_column_text align=\u00bbcenter\u00bb css=\u00bb.vc_custom_1603797591788{margin-bottom: 0px !important;}\u00bb]\n<h1 style=\"text-align: center;\"><span style=\"color: #ffffff;\"><strong>POL\u00cdTICA DE COOKIES<\/strong><\/span><\/h1>\n[\/vc_column_text][\/vc_column][\/mk_page_section][vc_row][vc_column][vc_column_text css=\u00bb.vc_custom_1603797419883{margin-bottom: 0px !important;}\u00bb]\n<p style=\"text-align: justify;\"><strong>\u00daltima actualizaci\u00f3n: Octubre de 2020<\/strong><\/p>\n<p style=\"text-align: justify;\"><strong>\u00a0<\/strong>El objetivo de esta Pol\u00edtica es que, como usuario, disponga de informaci\u00f3n clara y accesible sobre las cookies que utilizamos, las finalidades de su uso y las opciones que tiene para configurar las mismas.<\/p>\n<p style=\"text-align: justify;\">En cualquier momento podemos modificar cualquier contenido incluido en la presente Pol\u00edtica de cookies, por lo que le aconsejamos que la revise peri\u00f3dicamente para estar debidamente informado de los cambios realizados.<\/p>\n<p style=\"text-align: justify;\"><strong>\u00bfQu\u00e9 son las cookies?<\/strong><\/p>\n<p style=\"text-align: justify;\">Las cookies son peque\u00f1os archivos que normalmente se descargan en su dispositivo cuando accede y utiliza sitios web o servicios en l\u00ednea.<\/p>\n<p style=\"text-align: justify;\">Las cookies se utilizan para hacer que funcionen las p\u00e1ginas web, o para que lo hagan de modo m\u00e1s eficaz, as\u00ed como para proporcionar informaci\u00f3n sobre los h\u00e1bitos de navegaci\u00f3n del usuario, de su equipo, tiempo de conexi\u00f3n, analizar el funcionamiento de la p\u00e1gina\u2026 etc. y, con ello, poder prestar determinados servicios, ofrecer publicidad o poder implementar mejoras o nuevos servicios.<\/p>\n<p style=\"text-align: justify;\"><strong>\u00bfQu\u00e9 cookies utilizamos?<\/strong><\/p>\n<p style=\"text-align: justify;\">En el presente sitio web se utilizan las cookies, propias y de terceros, que se indican a continuaci\u00f3n:<\/p>\n<table width=\"567\">\n<tbody>\n<tr>\n<td width=\"215\">Tipo<\/td>\n<td width=\"351\">Finalidad\/editores<\/td>\n<\/tr>\n<tr>\n<td width=\"215\">Cookies t\u00e9cnicas<\/td>\n<td width=\"351\">Son aquellas que permiten al usuario la navegaci\u00f3n a trav\u00e9s de una p\u00e1gina web, plataforma o aplicaci\u00f3n y la utilizaci\u00f3n de las diferentes opciones o servicios que en ella existan como, por ejemplo, controlar el tr\u00e1fico y la comunicaci\u00f3n de datos, identificar la sesi\u00f3n o utilizar elementos de seguridad durante la navegaci\u00f3n.<\/td>\n<\/tr>\n<tr>\n<td width=\"215\">Cookies de personalizaci\u00f3n<\/td>\n<td width=\"351\">Son aquellas que permiten al usuario acceder al servicio con algunas caracter\u00edsticas de car\u00e1cter general predefinidas en funci\u00f3n de una serie de criterios en el terminal del usuario como por ejemplo el idioma, el tipo de navegador a trav\u00e9s del cual accede al servicio, la configuraci\u00f3n regional desde donde accede al servicio&#8230; etc.<\/td>\n<\/tr>\n<tr>\n<td width=\"215\">Cookies de an\u00e1lisis<\/td>\n<td width=\"351\">\n<p>Son aquellas que permiten el seguimiento y an\u00e1lisis del comportamiento de los usuarios en un determinado sitio web. La informaci\u00f3n recogida mediante este tipo de cookies se utiliza en la medici\u00f3n de la actividad de los sitios web, aplicaci\u00f3n o plataforma, con el fin de introducir mejoras en funci\u00f3n del an\u00e1lisis de los datos de uso que hacen los usuarios del servicio.<\/p>\n<p><strong>Cookies de Mailchimp<\/strong><\/p>\n<p>Cuando acepta recibir comunicaciones comerciales a trav\u00e9s del correo electr\u00f3nico por parte de AseBio, se instalan y usan cookies y tecnolog\u00edas de seguimiento similares, tales como p\u00edxeles y web beacons. Estos web beacons rastrean ciertos comportamientos como, por ejemplo, si el correo electr\u00f3nico enviado a trav\u00e9s del proveedor Mailchimp fue entregado y abierto y si se hizo clic en los enlaces dentro del correo electr\u00f3nico. Tambi\u00e9n nos permiten recopilar informaci\u00f3n como la direcci\u00f3n IP del destinatario, el navegador, el tipo de cliente de correo electr\u00f3nico y otros detalles similares. Utilizamos esta informaci\u00f3n para obtener informaci\u00f3n anal\u00edtica y mejorar la eficacia de nuestros servicios. Puede consultar m\u00e1s informaci\u00f3n sobre las cookies de Mailchimp en su Pol\u00edtica de cookies <a href=\"https:\/\/mailchimp.com\/legal\/cookies\/Mailchimp\/\">https:\/\/mailchimp.com\/legal\/cookies\/Mailchimp\/<\/a> The Rocket Science Group es un proveedor de gesti\u00f3n de listas de distribuci\u00f3n y campa\u00f1as de email sito en Estado Unidos, por lo que el uso de sus servicios supone la transferencia internacional de sus datos fuera de la Uni\u00f3n Europea. No obstante a ello, Mailchimp est\u00e1 adherido al Escudo de Privacidad de la U.E.- EE.UU., por lo que tiene reconocido por la Comisi\u00f3n Europea un nivel adecuado de protecci\u00f3n de datos. El Escudo de Privacidad de la U.E.- EE.UU. garantiza que Mailchimp se compromete a cumplir con unos requisitos m\u00ednimos de seguridad exigidos por la legislaci\u00f3n europea de protecci\u00f3n de datos de car\u00e1cter personal. Para m\u00e1s detalles, puede consultar la pol\u00edtica de privacidad de Mailchimp [<a href=\"http:\/\/mailchimp.com\/legal\/privacy\/\">http:\/\/mailchimp.com\/legal\/privacy\/<\/a>]\n<p>&nbsp;<\/td>\n<\/tr>\n<tr>\n<td width=\"215\">Cookies publicitarias<\/td>\n<td width=\"351\">Finalidad: Son aquellas que permiten la gesti\u00f3n, de la forma m\u00e1s eficaz posible, de los espacios publicitarios que, en su caso, el editor haya incluido en una p\u00e1gina web desde la que presta el servicio solicitado en base a criterios como el contenido editado o la frecuencia en la que se muestran los anuncios.<\/td>\n<\/tr>\n<\/tbody>\n<\/table>\n<p style=\"text-align: justify;\"><strong>\u00bfC\u00f3mo las puedo gestionar o deshabilitar?<\/strong><\/p>\n<p style=\"text-align: justify;\">Usted puede permitir, bloquear o desactivar las cookies instaladas en su equipo mediante la configuraci\u00f3n del navegador web de su ordenador o su dispositivo m\u00f3vil a trav\u00e9s del cual acceda a nuestros servicios.<\/p>\n<p style=\"text-align: justify;\">La configuraci\u00f3n de los navegadores de Internet suele estar programada por defecto para aceptar cookies, pero pueden desactivarse f\u00e1cilmente cambiando la configuraci\u00f3n de dicho navegador.<\/p>\n<p style=\"text-align: justify;\">Muchas cookies se utilizan para mejorar la usabilidad o funcionalidad de los sitios web, por lo tanto, si usted decide desactivar las cookies, es posible que algunas funcionalidades de la P\u00e1gina Web no funcionen correctamente o su calidad puede verse afectada. Como alternativa, si el Usuario no desea que se recopilen los datos conforme a lo descrito en la presente cl\u00e1usula, deber\u00e1 dejar de utilizar los Servicios.<\/p>\n<p style=\"text-align: justify;\">A continuaci\u00f3n, se ofrece al usuario algunos links con las instrucciones a seguir para borrar, habilitar y administrar las cookies, seg\u00fan el navegador que utilice:<\/p>\n<ul style=\"text-align: justify;\">\n<li><a href=\"https:\/\/support.google.com\/chrome\/answer\/95647?hl=es\">Google Chrome<\/a><\/li>\n<li><a href=\"https:\/\/support.microsoft.com\/es-es\/products\/windows?os=windows-10\">Microsoft Internet Explorer<\/a><\/li>\n<li><a href=\"https:\/\/support.mozilla.org\/es\/kb\/habilitar-y-deshabilitar-cookies-sitios-web-rastrear-preferencias\">Mozilla Firefox<\/a><\/li>\n<li><a href=\"https:\/\/support.apple.com\/es-es\/HT201265\">Safari (Apple)<\/a><\/li>\n<\/ul>\n[\/vc_column_text][\/vc_column][\/vc_row][vc_row][vc_column][\/vc_column][\/vc_row]\n","protected":false},"excerpt":{"rendered":"<p>[mk_page_section bg_color=\u00bb#ffffff\u00bb border_color=\u00bb#ffffff\u00bb bg_position=\u00bbcenter center\u00bb bg_repeat=\u00bbno-repeat\u00bb bg_stretch=\u00bbtrue\u00bb video_color_mask=\u00bb#ffffff\u00bb video_opacity=\u00bb0.4&#8243; min_height=\u00bb275&#8243; full_width=\u00bbtrue\u00bb top_shape_color=\u00bb#ffffff\u00bb bottom_shape_bg_color=\u00bb#ffffff\u00bb sidebar=\u00bbsidebar-1&#8243;][vc_column border_color=\u00bb#ffffff\u00bb][mk_padding_divider size=\u00bb50&#8243;][vc_column_text align=\u00bbcenter\u00bb css=\u00bb.vc_custom_1603797591788{margin-bottom: 0px !important;}\u00bb] POL\u00cdTICA DE COOKIES [\/vc_column_text][\/vc_column][\/mk_page_section][vc_row][vc_column][vc_column_text css=\u00bb.vc_custom_1603797419883{margin-bottom: 0px !important;}\u00bb] \u00daltima actualizaci\u00f3n: Octubre de 2020 \u00a0El objetivo de esta Pol\u00edtica es que, como usuario, disponga de informaci\u00f3n clara y accesible sobre las cookies que utilizamos, las finalidades de [&hellip;]<\/p>\n","protected":false},"author":1,"featured_media":0,"parent":0,"menu_order":0,"comment_status":"closed","ping_status":"closed","template":"","meta":{"_mi_skip_tracking":false},"_links":{"self":[{"href":"https:\/\/asebioevents.com\/green\/wp-json\/wp\/v2\/pages\/645"}],"collection":[{"href":"https:\/\/asebioevents.com\/green\/wp-json\/wp\/v2\/pages"}],"about":[{"href":"https:\/\/asebioevents.com\/green\/wp-json\/wp\/v2\/types\/page"}],"author":[{"embeddable":true,"href":"https:\/\/asebioevents.com\/green\/wp-json\/wp\/v2\/users\/1"}],"replies":[{"embeddable":true,"href":"https:\/\/asebioevents.com\/green\/wp-json\/wp\/v2\/comments?post=645"}],"version-history":[{"count":3,"href":"https:\/\/asebioevents.com\/green\/wp-json\/wp\/v2\/pages\/645\/revisions"}],"predecessor-version":[{"id":756,"href":"https:\/\/asebioevents.com\/green\/wp-json\/wp\/v2\/pages\/645\/revisions\/756"}],"wp:attachment":[{"href":"https:\/\/asebioevents.com\/green\/wp-json\/wp\/v2\/media?parent=645"}],"curies":[{"name":"wp","href":"https:\/\/api.w.org\/{rel}","templated":true}]}}