{"id":8,"date":"2019-01-31T16:02:38","date_gmt":"2019-01-31T16:02:38","guid":{"rendered":"https:\/\/asebioevents.com\/agrobiotecnologia\/?page_id=8"},"modified":"2020-11-18T09:03:52","modified_gmt":"2020-11-18T09:03:52","slug":"sponsors","status":"publish","type":"page","link":"https:\/\/asebioevents.com\/green\/sponsors\/","title":{"rendered":"Sponsors"},"content":{"rendered":"[mk_page_section bg_image=\u00bbhttps:\/\/asebioevents.com\/green\/wp-content\/uploads\/sites\/3\/2019\/01\/agricultura-planta-cultivo-agricultor-por-lamyai-shutterstock_557890951-e1541508936452.jpg\u00bb bg_position=\u00bbcenter center\u00bb bg_repeat=\u00bbno-repeat\u00bb bg_stretch=\u00bbtrue\u00bb video_color_mask=\u00bbrgba(77,140,43,0.6)\u00bb min_height=\u00bb275&#8243; full_width=\u00bbtrue\u00bb sidebar=\u00bbsidebar-1&#8243;][vc_column][mk_padding_divider size=\u00bb78&#8243;][vc_column_text css=\u00bb.vc_custom_1602758213812{margin-bottom: 0px !important;}\u00bb]\n<h1 style=\"text-align: center;\"><span style=\"color: #ffffff;\">SPONSORS<\/span><\/h1>\n[\/vc_column_text][mk_padding_divider][\/vc_column][\/mk_page_section][mk_page_section][vc_column][mk_padding_divider][vc_row_inner][vc_column_inner width=\u00bb1\/2&#8243;][vc_column_text css=\u00bb.vc_custom_1602789512306{margin-bottom: 0px !important;}\u00bb]\n<p style=\"text-align: justify;\"><span style=\"color: #339966;\">El <strong>AseBio Green Innovation Forum<\/strong> le brinda la oportunidad de elevar el perfil de su participaci\u00f3n gracias a las distintas opciones de patrocinio disponibles.<\/span><\/p>\n<p style=\"text-align: justify;\"><span style=\"color: #339966;\">Consulte en nuestro documento de \u00aboportunidades de patrocinio\u00bb las distintas opciones que le permitir\u00e1 obtener beneficios adicionales como un n\u00famero extra de registros, aumentar la visibilidad de su marca y participar en el programa de conferencias como ponente.<\/span><\/p>\n<p style=\"text-align: justify;\"><span style=\"color: #339966;\">Adem\u00e1s, estar\u00e1 colaborando y apoyando la consolidaci\u00f3n de este evento organizado por AseBio, que pretende convertirse en el evento de desarrollo de negocio de referencia para la nueva econom\u00eda verde y sostenible.<\/span><\/p>\n[\/vc_column_text][\/vc_column_inner][vc_column_inner width=\u00bb1\/2&#8243;][vc_cta h2=\u00bbOportunidades de Patrocinio\u00bb txt_align=\u00bbcenter\u00bb color=\u00bbvista-blue\u00bb add_button=\u00bbbottom\u00bb btn_title=\u00bbDescargar documento\u00bb btn_style=\u00bboutline-custom\u00bb btn_outline_custom_color=\u00bb#5dbcaa\u00bb btn_outline_custom_hover_background=\u00bb#abd08d\u00bb btn_outline_custom_hover_text=\u00bb#ffffff\u00bb btn_shape=\u00bbround\u00bb btn_align=\u00bbcenter\u00bb btn_i_icon_fontawesome=\u00bbfa fa-file-text-o\u00bb btn_add_icon=\u00bbtrue\u00bb btn_link=\u00bburl:https%3A%2F%2Fasebioevents.com%2Fgreen%2Fwp-content%2Fuploads%2Fsites%2F3%2F2020%2F10%2Foportunidades-de-patrocinio_green-1.pdf||target:%20_blank|\u00bb][\/vc_cta][vc_column_text css=\u00bb.vc_custom_1602789526364{margin-bottom: 0px !important;}\u00bb]<span style=\"color: #339966;\">Si desea informaci\u00f3n adicional a la que aparece en el documento de patrocinio o tiene una propuesta alternativa, por favor contacte con nosotros: <strong>David Fern\u00e1ndez<\/strong> &#8211;<\/span> <a href=\"mailto:dfernandez@asebio.com\">dfernandez@asebio.com<\/a>[\/vc_column_text][\/vc_column_inner][\/vc_row_inner][mk_padding_divider][mk_padding_divider][\/vc_column][vc_column][vc_column_text css=\u00bb.vc_custom_1604496141063{margin-bottom: 0px !important;}\u00bb]\n<h1><span style=\"color: #5b997c;\">Patrocinadores:<\/span><\/h1>\n[\/vc_column_text][mk_padding_divider][vc_row_inner][vc_column_inner][vc_column_text css=\u00bb.vc_custom_1605690152935{margin-bottom: 0px !important;}\u00bb]\n<h3><span style=\"color: #339966;\">Platinum Sponsor:<\/span><\/h3>\n[\/vc_column_text][vc_single_image image=\u00bb863&#8243; img_size=\u00bb600&#215;100&#8243; alignment=\u00bbcenter\u00bb onclick=\u00bbcustom_link\u00bb img_link_target=\u00bb_blank\u00bb link=\u00bbhttps:\/\/www.algaenergy.es\/\u00bb][\/vc_column_inner][\/vc_row_inner][mk_padding_divider][vc_row_inner][vc_column_inner][vc_column_text css=\u00bb.vc_custom_1604497210773{margin-bottom: 0px !important;}\u00bb]\n<h3><span style=\"color: #339966;\">Silver Sponsor:<\/span><\/h3>\n[\/vc_column_text][vc_single_image image=\u00bb819&#8243; img_size=\u00bb180&#215;180&#8243; alignment=\u00bbcenter\u00bb onclick=\u00bbcustom_link\u00bb img_link_target=\u00bb_blank\u00bb link=\u00bbhttps:\/\/www.cropscience.bayer.es\/\u00bb][\/vc_column_inner][\/vc_row_inner][vc_row_inner][vc_column_inner][vc_column_text css=\u00bb.vc_custom_1605610623346{margin-bottom: 0px !important;}\u00bb]\n<h3><span style=\"color: #339966;\">Bronze Sponsors:<\/span><\/h3>\n[\/vc_column_text][\/vc_column_inner][\/vc_row_inner][vc_row_inner][vc_column_inner width=\u00bb1\/2&#8243;][mk_padding_divider][vc_single_image image=\u00bb817&#8243; img_size=\u00bb185&#215;75&#8243; alignment=\u00bbcenter\u00bb onclick=\u00bbcustom_link\u00bb img_link_target=\u00bb_blank\u00bb link=\u00bbhttps:\/\/www.ga-p.com\u00bb][mk_padding_divider][\/vc_column_inner][vc_column_inner width=\u00bb1\/2&#8243;][vc_single_image image=\u00bb255&#8243; img_size=\u00bbmedium\u00bb alignment=\u00bbcenter\u00bb onclick=\u00bbcustom_link\u00bb img_link_target=\u00bb_blank\u00bb link=\u00bbhttp:\/\/www.biorizon.es\u00bb][\/vc_column_inner][\/vc_row_inner][vc_separator color=\u00bbvista_blue\u00bb border_width=\u00bb2&#8243;][vc_column_text css=\u00bb.vc_custom_1603795111825{margin-bottom: 0px !important;}\u00bb]\n<h1><span style=\"color: #5b997c;\">Entidades colaboradoras:<\/span><\/h1>\n[\/vc_column_text][mk_padding_divider][vc_row_inner][vc_column_inner width=\u00bb1\/4&#8243;][vc_single_image image=\u00bb205&#8243; img_size=\u00bb220&#215;70&#8243; onclick=\u00bbcustom_link\u00bb img_link_target=\u00bb_blank\u00bb link=\u00bbhttps:\/\/www.ainia.es\/\u00bb][mk_padding_divider][\/vc_column_inner][vc_column_inner width=\u00bb1\/4&#8243;][vc_single_image image=\u00bb737&#8243; img_size=\u00bb150&#215;100&#8243; alignment=\u00bbcenter\u00bb onclick=\u00bbcustom_link\u00bb img_link_target=\u00bb_blank\u00bb link=\u00bbhttps:\/\/www.anove.es\/\u00bb][\/vc_column_inner][vc_column_inner width=\u00bb1\/4&#8243;][vc_single_image image=\u00bb724&#8243; img_size=\u00bb100&#215;100&#8243; alignment=\u00bbcenter\u00bb onclick=\u00bbcustom_link\u00bb img_link_target=\u00bb_blank\u00bb link=\u00bbhttps:\/\/www.bioga.org\/?lang=es\u00bb][\/vc_column_inner][vc_column_inner width=\u00bb1\/4&#8243;][vc_single_image image=\u00bb702&#8243; img_size=\u00bb200&#215;100&#8243; alignment=\u00bbcenter\u00bb onclick=\u00bbcustom_link\u00bb img_link_target=\u00bb_blank\u00bb link=\u00bbhttps:\/\/www.bioib.org\/\u00bb][\/vc_column_inner][\/vc_row_inner][vc_row_inner][vc_column_inner width=\u00bb1\/4&#8243;][vc_single_image image=\u00bb832&#8243; img_size=\u00bbmedium\u00bb alignment=\u00bbcenter\u00bb onclick=\u00bbcustom_link\u00bb img_link_target=\u00bb_blank\u00bb link=\u00bbhttp:\/\/biointropic.com\/\u00bb][\/vc_column_inner][vc_column_inner width=\u00bb1\/4&#8243;][mk_padding_divider][vc_single_image image=\u00bb773&#8243; img_size=\u00bbmedium\u00bb alignment=\u00bbcenter\u00bb onclick=\u00bbcustom_link\u00bb img_link_target=\u00bb_blank\u00bb link=\u00bbhttps:\/\/bioplat.org\/\u00bb][\/vc_column_inner][vc_column_inner width=\u00bb1\/4&#8243;][mk_padding_divider][vc_single_image image=\u00bb706&#8243; img_size=\u00bb200&#215;100&#8243; alignment=\u00bbcenter\u00bb onclick=\u00bbcustom_link\u00bb img_link_target=\u00bb_blank\u00bb link=\u00bbhttps:\/\/biovegen.org\/\u00bb][\/vc_column_inner][vc_column_inner width=\u00bb1\/4&#8243;][vc_single_image image=\u00bb708&#8243; img_size=\u00bb200&#215;200&#8243; alignment=\u00bbcenter\u00bb onclick=\u00bbcustom_link\u00bb img_link_target=\u00bb_blank\u00bb link=\u00bbhttp:\/\/www.cener.com\/\u00bb][\/vc_column_inner][\/vc_row_inner][vc_row_inner][vc_column_inner width=\u00bb1\/4&#8243;][vc_single_image image=\u00bb710&#8243; img_size=\u00bb500&#215;400&#8243; alignment=\u00bbcenter\u00bb onclick=\u00bbcustom_link\u00bb img_link_target=\u00bb_blank\u00bb link=\u00bbhttps:\/\/www.ceoe.es\/es\u00bb][\/vc_column_inner][vc_column_inner width=\u00bb1\/4&#8243;][vc_single_image image=\u00bb807&#8243; img_size=\u00bb120&#215;120&#8243; alignment=\u00bbcenter\u00bb onclick=\u00bbcustom_link\u00bb img_link_target=\u00bb_blank\u00bb link=\u00bbhttps:\/\/crbiomed.org\/\u00bb][\/vc_column_inner][vc_column_inner width=\u00bb1\/4&#8243;][vc_single_image image=\u00bb771&#8243; img_size=\u00bb180&#215;100&#8243; alignment=\u00bbcenter\u00bb onclick=\u00bbcustom_link\u00bb img_link_target=\u00bb_blank\u00bb link=\u00bbhttps:\/\/www.europabio.org\/\u00bb][\/vc_column_inner][vc_column_inner width=\u00bb1\/4&#8243;][mk_padding_divider][vc_single_image image=\u00bb769&#8243; img_size=\u00bbmedium\u00bb alignment=\u00bbcenter\u00bb onclick=\u00bbcustom_link\u00bb img_link_target=\u00bb_blank\u00bb link=\u00bbhttp:\/\/www.foarbi.org.ar\/ppal\/\u00bb][\/vc_column_inner][\/vc_row_inner][vc_row_inner][vc_column_inner width=\u00bb1\/4&#8243;][vc_single_image image=\u00bb764&#8243; img_size=\u00bbmedium\u00bb alignment=\u00bbcenter\u00bb onclick=\u00bbcustom_link\u00bb img_link_target=\u00bb_blank\u00bb link=\u00bbhttp:\/\/foodforlife-spain.es\/\u00bb][\/vc_column_inner][vc_column_inner width=\u00bb1\/4&#8243;][vc_single_image image=\u00bb852&#8243; img_size=\u00bb300&#215;100&#8243; alignment=\u00bbcenter\u00bb onclick=\u00bbcustom_link\u00bb img_link_target=\u00bb_blank\u00bb link=\u00bbhttps:\/\/fundacion-antama.org\/\u00bb][\/vc_column_inner][vc_column_inner width=\u00bb1\/4&#8243;][vc_single_image image=\u00bb712&#8243; img_size=\u00bb280&#215;60&#8243; alignment=\u00bbcenter\u00bb onclick=\u00bbcustom_link\u00bb img_link_target=\u00bb_blank\u00bb link=\u00bbhttps:\/\/empresas.jcyl.es\/web\/jcyl\/Empresas\/es\/Plantilla100Detalle\/1255644717729\/_\/1142233486201\/DirectorioPadre\u00bb][\/vc_column_inner][vc_column_inner width=\u00bb1\/4&#8243;][vc_single_image image=\u00bb714&#8243; img_size=\u00bbmedium\u00bb onclick=\u00bbcustom_link\u00bb img_link_target=\u00bb_blank\u00bb link=\u00bbhttp:\/\/www.pcb.ub.edu\/portal\/es\/home\u00bb][\/vc_column_inner][\/vc_row_inner][vc_row_inner][vc_column_inner width=\u00bb1\/4&#8243;][mk_padding_divider][vc_single_image image=\u00bb716&#8243; img_size=\u00bb200&#215;100&#8243; alignment=\u00bbcenter\u00bb onclick=\u00bbcustom_link\u00bb img_link_target=\u00bb_blank\u00bb link=\u00bbhttps:\/\/www.pteco2.es\/es\u00bb][\/vc_column_inner][vc_column_inner width=\u00bb1\/4&#8243;][mk_padding_divider][vc_single_image image=\u00bb718&#8243; img_size=\u00bbmedium\u00bb alignment=\u00bbcenter\u00bb onclick=\u00bbcustom_link\u00bb img_link_target=\u00bb_blank\u00bb link=\u00bbhttps:\/\/www.ptsgranada.com\/\u00bb][\/vc_column_inner][vc_column_inner width=\u00bb1\/4&#8243;][mk_padding_divider][vc_single_image image=\u00bb884&#8243; img_size=\u00bbmedium\u00bb onclick=\u00bbcustom_link\u00bb img_link_target=\u00bb_blank\u00bb link=\u00bbhttps:\/\/www.stanpa.com\/\u00bb][\/vc_column_inner][vc_column_inner width=\u00bb1\/4&#8243;][vc_single_image image=\u00bb805&#8243; img_size=\u00bbmedium\u00bb onclick=\u00bbcustom_link\u00bb img_link_target=\u00bb_blank\u00bb link=\u00bbhttps:\/\/www.suschem-es.org\/\u00bb][\/vc_column_inner][\/vc_row_inner][vc_separator color=\u00bbvista_blue\u00bb border_width=\u00bb2&#8243;][\/vc_column][\/mk_page_section][vc_row][vc_column][mk_padding_divider][mk_padding_divider][vc_column_text css=\u00bb.vc_custom_1602758515045{margin-bottom: 0px !important;}\u00bb]\n<h1><span style=\"color: #5b997c;\">ORGANIZADO POR:<\/span><\/h1>\n[\/vc_column_text][vc_row_inner][vc_column_inner][vc_single_image image=\u00bb531&#8243; img_size=\u00bbmedium\u00bb alignment=\u00bbcenter\u00bb onclick=\u00bbcustom_link\u00bb img_link_target=\u00bb_blank\u00bb link=\u00bbhttp:\/\/www.asebio.com\/\u00bb][\/vc_column_inner][\/vc_row_inner][vc_row_inner][vc_column_inner width=\u00bb1\/3&#8243;][vc_single_image image=\u00bb538&#8243; img_size=\u00bbmedium\u00bb onclick=\u00bbcustom_link\u00bb img_link_target=\u00bb_blank\u00bb link=\u00bbhttps:\/\/www.icex.es\/icex\/es\/index.html\u00bb][\/vc_column_inner][vc_column_inner width=\u00bb1\/3&#8243;][vc_single_image image=\u00bb540&#8243; img_size=\u00bbmedium\u00bb alignment=\u00bbcenter\u00bb onclick=\u00bbcustom_link\u00bb img_link_target=\u00bb_blank\u00bb link=\u00bbhttps:\/\/www.icex.es\/icex\/es\/index.html\u00bb][\/vc_column_inner][vc_column_inner width=\u00bb1\/3&#8243;][vc_single_image image=\u00bb533&#8243; img_size=\u00bbmedium\u00bb alignment=\u00bbcenter\u00bb][\/vc_column_inner][\/vc_row_inner][vc_row_inner][vc_column_inner][vc_single_image image=\u00bb665&#8243; img_size=\u00bb600&#215;65&#8243; alignment=\u00bbcenter\u00bb onclick=\u00bbcustom_link\u00bb img_link_target=\u00bb_blank\u00bb link=\u00bbhttps:\/\/mercadosbiotecnologicos.com\/\u00bb][\/vc_column_inner][\/vc_row_inner][\/vc_column][\/vc_row]\n","protected":false},"excerpt":{"rendered":"<p>[mk_page_section bg_image=\u00bbhttps:\/\/asebioevents.com\/green\/wp-content\/uploads\/sites\/3\/2019\/01\/agricultura-planta-cultivo-agricultor-por-lamyai-shutterstock_557890951-e1541508936452.jpg\u00bb bg_position=\u00bbcenter center\u00bb bg_repeat=\u00bbno-repeat\u00bb bg_stretch=\u00bbtrue\u00bb video_color_mask=\u00bbrgba(77,140,43,0.6)\u00bb min_height=\u00bb275&#8243; full_width=\u00bbtrue\u00bb sidebar=\u00bbsidebar-1&#8243;][vc_column][mk_padding_divider size=\u00bb78&#8243;][vc_column_text css=\u00bb.vc_custom_1602758213812{margin-bottom: 0px !important;}\u00bb] SPONSORS [\/vc_column_text][mk_padding_divider][\/vc_column][\/mk_page_section][mk_page_section][vc_column][mk_padding_divider][vc_row_inner][vc_column_inner width=\u00bb1\/2&#8243;][vc_column_text css=\u00bb.vc_custom_1602789512306{margin-bottom: 0px !important;}\u00bb] El AseBio Green Innovation Forum le brinda la oportunidad de elevar el perfil de su participaci\u00f3n gracias a las distintas opciones de patrocinio disponibles. Consulte en nuestro documento de \u00aboportunidades de patrocinio\u00bb las distintas opciones [&hellip;]<\/p>\n","protected":false},"author":1,"featured_media":0,"parent":0,"menu_order":0,"comment_status":"closed","ping_status":"closed","template":"","meta":{"_mi_skip_tracking":false},"_links":{"self":[{"href":"https:\/\/asebioevents.com\/green\/wp-json\/wp\/v2\/pages\/8"}],"collection":[{"href":"https:\/\/asebioevents.com\/green\/wp-json\/wp\/v2\/pages"}],"about":[{"href":"https:\/\/asebioevents.com\/green\/wp-json\/wp\/v2\/types\/page"}],"author":[{"embeddable":true,"href":"https:\/\/asebioevents.com\/green\/wp-json\/wp\/v2\/users\/1"}],"replies":[{"embeddable":true,"href":"https:\/\/asebioevents.com\/green\/wp-json\/wp\/v2\/comments?post=8"}],"version-history":[{"count":40,"href":"https:\/\/asebioevents.com\/green\/wp-json\/wp\/v2\/pages\/8\/revisions"}],"predecessor-version":[{"id":907,"href":"https:\/\/asebioevents.com\/green\/wp-json\/wp\/v2\/pages\/8\/revisions\/907"}],"wp:attachment":[{"href":"https:\/\/asebioevents.com\/green\/wp-json\/wp\/v2\/media?parent=8"}],"curies":[{"name":"wp","href":"https:\/\/api.w.org\/{rel}","templated":true}]}}