{"id":10,"date":"2019-06-26T11:19:47","date_gmt":"2019-06-26T09:19:47","guid":{"rendered":"https:\/\/asebioevents.com\/clinica-trials\/?page_id=10"},"modified":"2020-12-16T09:17:12","modified_gmt":"2020-12-16T08:17:12","slug":"programa","status":"publish","type":"page","link":"https:\/\/asebioevents.com\/health\/programa\/","title":{"rendered":"Programa"},"content":{"rendered":"[mk_page_section bg_image=\u00bbhttps:\/\/asebioevents.com\/health\/wp-content\/uploads\/sites\/5\/2020\/11\/mitosis-3876669-scaled.jpg\u00bb bg_position=\u00bbcenter top\u00bb bg_repeat=\u00bbno-repeat\u00bb bg_stretch=\u00bbtrue\u00bb video_color_mask=\u00bbrgba(77,140,43,0.6)\u00bb min_height=\u00bb250&#8243; full_width=\u00bbtrue\u00bb sidebar=\u00bbsidebar-1&#8243;][vc_column][mk_padding_divider size=\u00bb78&#8243;][vc_column_text css=\u00bb.vc_custom_1551792503480{margin-bottom: 0px !important;}\u00bb]\n<h2 style=\"text-align: center;\"><span style=\"color: #ffffff;\">PROGRAMA<\/span><\/h2>\n[\/vc_column_text][\/vc_column][\/mk_page_section][mk_page_section][vc_column width=\u00bb1\/2&#8243;][mk_padding_divider size=\u00bb78&#8243;][\/vc_column][vc_column width=\u00bb1\/2&#8243;][\/vc_column][\/mk_page_section][mk_page_section][vc_column][vc_row_inner][vc_column_inner][vc_column_text css=\u00bb.vc_custom_1606918461207{margin-bottom: 0px !important;}\u00bb]<strong>Sigue el programa en directo aqu\u00ed:<\/strong>[\/vc_column_text][vc_video link=\u00bbhttps:\/\/www.youtube.com\/watch?v=zdbGdA0tM8A\u00bb][mk_padding_divider][mk_padding_divider][\/vc_column_inner][\/vc_row_inner][vc_tta_accordion style=\u00bboutline\u00bb shape=\u00bbround\u00bb color=\u00bbjuicy-pink\u00bb active_section=\u00bb1&#8243;][vc_tta_section title=\u00bb3 diciembre &#8211; EUROPE&#8217;S BEATING CANCER PLAN\u00bb tab_id=\u00bb1606341649147-2026ab53-8844&#8243;][vc_row_inner][vc_column_inner width=\u00bb1\/4&#8243;][vc_column_text css=\u00bb.vc_custom_1606341833829{margin-bottom: 0px !important;}\u00bb]\n<h2><span style=\"color: #ea5653;\">16:00 &#8211; 17:30<\/span><\/h2>\n[\/vc_column_text][vc_column_text css=\u00bb.vc_custom_1606342709993{margin-bottom: 0px !important;}\u00bb]Sesi\u00f3n patrocinada por:[\/vc_column_text][vc_single_image image=\u00bb252&#8243; img_size=\u00bb200&#215;100&#8243;][\/vc_column_inner][vc_column_inner width=\u00bb3\/4&#8243;][vc_column_text css=\u00bb.vc_custom_1606342073370{margin-bottom: 0px !important;}\u00bb]\n<h3><span style=\"color: #ea5653;\">Bienvenida y Apertura del\u00a0 Health Innovation Forum<\/span><\/h3>\n[\/vc_column_text][vc_column_text css=\u00bb.vc_custom_1606341944958{margin-bottom: 0px !important;}\u00bb]<strong>Ion Arocena<\/strong>, Director General de AseBio<\/p>\n<p><strong>Alfredo Gonz\u00e1lez<\/strong>, Secretario General de Salud Digital, Informaci\u00f3n e Innovaci\u00f3n del Sistema Nacional de Salud[\/vc_column_text][vc_column_text css=\u00bb.vc_custom_1606342037534{margin-bottom: 0px !important;}\u00bb]\n<h3><span style=\"color: #ea5653;\">Bienvenida al panel<\/span><\/h3>\n<p><strong>Miguel Fern\u00e1ndez<\/strong>, Director General de Merck Espa\u00f1a[\/vc_column_text][vc_column_text css=\u00bb.vc_custom_1606342118796{margin-bottom: 0px !important;}\u00bb]\n<h3><span style=\"color: #ea5653;\">LOS RETOS DE LA ONCOLOG\u00cdA EN EUROPA: EUROPE\u2019S BEATING CANCER PLAN <\/span><\/h3>\n[\/vc_column_text][mk_padding_divider][vc_column_text css=\u00bb.vc_custom_1606342201675{margin-bottom: 0px !important;}\u00bb]\n<h3><span style=\"color: #ea5653;\">Mesa Redonda<\/span><\/h3>\n[\/vc_column_text][vc_column_text css=\u00bb.vc_custom_1606342366934{margin-bottom: 0px !important;}\u00bb]<span style=\"color: #ff0000;\"><strong>Moderadora:<\/strong><\/span><\/p>\n<ul>\n<li><strong>Ana Polanco<\/strong>, Directora del Market Access y Corporate Affairs de Merck<\/li>\n<\/ul>\n<p><strong>Ponentes:<\/strong><\/p>\n<ul>\n<li><strong>Dolors Monserrat<\/strong>, Diputada, Comisi\u00f3n de Medio Ambiente, Salud P\u00fablica y Seguridad Alimentaria del Parlamento Europeo (confirmada)<\/li>\n<li><strong>Mar\u00eda Jes\u00fas Lamas<\/strong>, Directora de la Agencia Espa\u00f1ola de Medicamentos y productos sanitarios (confirmada)<\/li>\n<li><strong><strong>Jes\u00fas Garc\u00eda-Foncillas, <\/strong><\/strong>Director del Instituto Oncol\u00f3gico OncoHealth, Representante de la Sociedad Espa\u00f1ola de Oncolog\u00eda M\u00e9dica (SEOM)<strong><strong><br \/>\n<\/strong><\/strong><\/li>\n<\/ul>\n[\/vc_column_text][\/vc_column_inner][\/vc_row_inner][\/vc_tta_section][vc_tta_section title=\u00bb15 DICIEMBRE &#8211; TERAPIAS AVANZADAS\u00bb tab_id=\u00bb1606341649148-f61281e2-e33b\u00bb][vc_row_inner][vc_column_inner width=\u00bb1\/4&#8243;][vc_column_text css=\u00bb.vc_custom_1606980244913{margin-bottom: 0px !important;}\u00bb]\n<h2><span style=\"color: #ea5653;\">10:00 &#8211; 13:15<\/span><\/h2>\n[\/vc_column_text][\/vc_column_inner][vc_column_inner width=\u00bb3\/4&#8243;][vc_column_text css=\u00bb.vc_custom_1606980393282{margin-bottom: 0px !important;}\u00bb]\n<h1 style=\"text-align: left;\"><span style=\"color: #ea5653;\">Terapias Avanzadas<\/span><\/h1>\n[\/vc_column_text][\/vc_column_inner][\/vc_row_inner][vc_row_inner][vc_column_inner width=\u00bb1\/4&#8243;][vc_column_text css=\u00bb.vc_custom_1606980761395{margin-bottom: 0px !important;}\u00bb]\n<h3><span style=\"color: #ea5653;\">10:00 &#8211; 10:45<\/span><\/h3>\n[\/vc_column_text][vc_column_text css=\u00bb.vc_custom_1607958752288{margin-bottom: 0px !important;}\u00bb]Patrocinado por:[\/vc_column_text][vc_single_image image=\u00bb373&#8243; img_size=\u00bbmedium\u00bb][\/vc_column_inner][vc_column_inner width=\u00bb3\/4&#8243;][vc_column_text css=\u00bb.vc_custom_1606980774364{margin-bottom: 0px !important;}\u00bb]\n<h3><span style=\"color: #ea5653;\">Colaboraci\u00f3n P\u00fablico-Privada en Terapias Avanzadas<\/span><\/h3>\n[\/vc_column_text][vc_column_text css=\u00bb.vc_custom_1607102401868{margin-bottom: 0px !important;}\u00bb]<strong>Moderador:<\/strong><\/p>\n<ul>\n<li><strong>Gurutz Linazasoro<\/strong>, Coordinador Grupo de\u00a0 Terapias Avanzadas, AseBio<\/li>\n<\/ul>\n<p><strong>Ponentes:<\/strong><\/p>\n<ul>\n<li><strong>Juan Jose F. Polledo<\/strong>, Director Corporate Affairs, Takeda<\/li>\n<li><strong>Roke I\u00f1aki Oruezabal<\/strong>, Director de Desarrollo e Innovaci\u00f3n, Red Andaluza de Dise\u00f1o y Traslaci\u00f3n de Terapias Avanzadas<\/li>\n<li><strong>Mariano Garc\u00eda-Arranz<\/strong>, Investigador, Laboratorio de Nuevas Terapias en el Instituto de Investigaci\u00f3n Sanitario Fundaci\u00f3n Jim\u00e9nez D\u00edaz<\/li>\n<\/ul>\n[\/vc_column_text][\/vc_column_inner][\/vc_row_inner][vc_row_inner][vc_column_inner width=\u00bb1\/4&#8243;][vc_column_text css=\u00bb.vc_custom_1608029248453{margin-bottom: 0px !important;}\u00bb]\n<h3><span style=\"color: #ea5653;\">12:30 &#8211; 13:30<\/span><\/h3>\n[\/vc_column_text][vc_column_text css=\u00bb.vc_custom_1607958911103{margin-bottom: 0px !important;}\u00bb]Patrocinado por:[\/vc_column_text][vc_single_image image=\u00bb356&#8243; img_size=\u00bbmedium\u00bb][\/vc_column_inner][vc_column_inner width=\u00bb3\/4&#8243;][vc_column_text css=\u00bb.vc_custom_1606980914995{margin-bottom: 0px !important;}\u00bb]\n<h3><span style=\"color: #ea5653;\">Producci\u00f3n de terapias avanzadas: retos t\u00e9cnicos y regulatorios<\/span><\/h3>\n[\/vc_column_text][vc_column_text css=\u00bb.vc_custom_1607768643785{margin-bottom: 0px !important;}\u00bb]<strong>Moderador: <\/strong><\/p>\n<ul>\n<li><strong>Gurutz Linazasoro, <\/strong>CEO VIVEbiotech<\/li>\n<\/ul>\n<p><strong>Ponentes: <\/strong><\/p>\n<ul>\n<li><strong>Natalia Elizalde,<\/strong> Directora de Desarrollo de Negocio, VIVEBiotech<\/li>\n<li><strong>Angeles Escart\u00ed Nebot,<\/strong> Principal Consultant, Scendea<\/li>\n<li><strong>Javier Lobo,<\/strong> Manager of Field Application Specialist para Espa\u00f1a, Portugal e Italia, Sartorius Stedim Biotech<\/li>\n<\/ul>\n[\/vc_column_text][\/vc_column_inner][\/vc_row_inner][\/vc_tta_section][vc_tta_section title=\u00bb16 DICIEMBRE &#8211; NUEVA ESTRATEGIA FARMACEUTICA EUROPEA\u00bb tab_id=\u00bb1606342485753-64b4a7aa-3ecc\u00bb][vc_row_inner][vc_column_inner width=\u00bb1\/4&#8243;][vc_column_text css=\u00bb.vc_custom_1607513648302{margin-bottom: 0px !important;}\u00bb]\n<h3><span style=\"color: #ea5653;\">09:30 &#8211; 10:30<\/span><\/h3>\n[\/vc_column_text][\/vc_column_inner][vc_column_inner width=\u00bb3\/4&#8243;][vc_column_text css=\u00bb.vc_custom_1608028151356{margin-bottom: 0px !important;}\u00bb]<strong>Moderador:<\/strong><\/p>\n<ul>\n<li><strong>Enrique Castell\u00f3n<\/strong>, Delegado Comisi\u00f3n de Salud, AseBio<\/li>\n<\/ul>\n<p><strong>Ponentes:<\/strong><\/p>\n<ul>\n<li><strong>Isabel Amat,<\/strong> Global Head of Innovation and Pipeline Management, Reig Jofre<\/li>\n<li><strong>Jose Ram\u00f3n Luis-Yag\u00fce<\/strong>, Director del Dpto. de Relaciones con las CCAA, Farmaindustria<\/li>\n<li><strong>Oriol Penon<\/strong>, Business Development &amp; Sales Manager, Asphalion<\/li>\n<li><strong>Encarna Cruz,<\/strong> Directora General, Biosim<\/li>\n<\/ul>\n[\/vc_column_text][\/vc_column_inner][\/vc_row_inner][\/vc_tta_section][vc_tta_section title=\u00bb16 DICIEMBRE &#8211; MEDICINA DE PRECISI\u00d3N Y CLAUSURA\u00bb tab_id=\u00bb1606342487992-6e4bd728-415e\u00bb][vc_row_inner][vc_column_inner width=\u00bb1\/4&#8243;][vc_column_text css=\u00bb.vc_custom_1607513947033{margin-bottom: 0px !important;}\u00bb]\n<h3><span style=\"color: #ea5653;\">11:00 &#8211; 12:00<\/span><\/h3>\n[\/vc_column_text][vc_column_text css=\u00bb.vc_custom_1607958973281{margin-bottom: 0px !important;}\u00bb]Patrocinado por:[\/vc_column_text][vc_single_image image=\u00bb360&#8243; img_size=\u00bb160&#215;40&#8243; alignment=\u00bbcenter\u00bb][\/vc_column_inner][vc_column_inner width=\u00bb3\/4&#8243;][vc_column_text css=\u00bb.vc_custom_1607768707882{margin-bottom: 0px !important;}\u00bb]<strong>Moderador: <\/strong><\/p>\n<ul>\n<li><strong>Jes\u00fas Mar\u00eda Fern\u00e1ndez<\/strong><strong>, <\/strong>CEO, HIRIS Innovation Technologies<\/li>\n<\/ul>\n<p><strong>Ponentes: <\/strong><\/p>\n<ul>\n<li><strong>Juan Cruz Cigudosa,<\/strong> Navarra, Consejero de Universidad, Innovaci\u00f3n y Transformaci\u00f3n Digital del Gobierno de Navarra<\/li>\n<li><strong>Enriqueta Felip,<\/strong> Vicepresidenta de SEOM &amp; Onc\u00f3loga M\u00e9dico del Servicio de Oncolog\u00eda M\u00e9dica Hospital Universitari General Vall \u00b4Hebr\u00f3n<\/li>\n<li><strong>Jos\u00e9 Palacios, <\/strong>Jefe del Servicio de Anatom\u00eda Patol\u00f3gica del Hospital Universitario Ram\u00f3n y Cajal<\/li>\n<li><strong>Crist\u00f3bal Belda, <\/strong>Subdirector de Evaluaci\u00f3n y Fomento de la Investigaci\u00f3n del Instituto de Salud Carlos III<\/li>\n<li><strong>Jorge Mestre, <\/strong>Consultor Econ\u00f3mico &amp; Profesor Asociado, Universidad Carlos<\/li>\n<\/ul>\n[\/vc_column_text][\/vc_column_inner][\/vc_row_inner][vc_row_inner][vc_column_inner width=\u00bb1\/4&#8243;][vc_column_text css=\u00bb.vc_custom_1607768958971{margin-bottom: 0px !important;}\u00bb]\n<h3><span style=\"color: #ea5653;\">12:00 &#8211; 12:15<\/span><\/h3>\n[\/vc_column_text][\/vc_column_inner][vc_column_inner width=\u00bb3\/4&#8243;][vc_column_text css=\u00bb.vc_custom_1607769081385{margin-bottom: 0px !important;}\u00bb]<strong>Clausura:<\/strong><\/p>\n<ul>\n<li><strong>Ana Polanco<\/strong><strong>, <\/strong>Presidenta de AseBio<\/li>\n<\/ul>\n<ul>\n<li><strong>Pedro L. Alonso<\/strong>, Director del Programa Mundial de Malaria de la Organizaci\u00f3n Mundial de la Salud<\/li>\n<\/ul>\n[\/vc_column_text][\/vc_column_inner][\/vc_row_inner][\/vc_tta_section][\/vc_tta_accordion][\/vc_column][\/mk_page_section]\n","protected":false},"excerpt":{"rendered":"<p>[mk_page_section bg_image=\u00bbhttps:\/\/asebioevents.com\/health\/wp-content\/uploads\/sites\/5\/2020\/11\/mitosis-3876669-scaled.jpg\u00bb bg_position=\u00bbcenter top\u00bb bg_repeat=\u00bbno-repeat\u00bb bg_stretch=\u00bbtrue\u00bb video_color_mask=\u00bbrgba(77,140,43,0.6)\u00bb min_height=\u00bb250&#8243; full_width=\u00bbtrue\u00bb sidebar=\u00bbsidebar-1&#8243;][vc_column][mk_padding_divider size=\u00bb78&#8243;][vc_column_text css=\u00bb.vc_custom_1551792503480{margin-bottom: 0px !important;}\u00bb] PROGRAMA [\/vc_column_text][\/vc_column][\/mk_page_section][mk_page_section][vc_column width=\u00bb1\/2&#8243;][mk_padding_divider size=\u00bb78&#8243;][\/vc_column][vc_column width=\u00bb1\/2&#8243;][\/vc_column][\/mk_page_section][mk_page_section][vc_column][vc_row_inner][vc_column_inner][vc_column_text css=\u00bb.vc_custom_1606918461207{margin-bottom: 0px !important;}\u00bb]Sigue el programa en directo aqu\u00ed:[\/vc_column_text][vc_video link=\u00bbhttps:\/\/www.youtube.com\/watch?v=zdbGdA0tM8A\u00bb][mk_padding_divider][mk_padding_divider][\/vc_column_inner][\/vc_row_inner][vc_tta_accordion style=\u00bboutline\u00bb shape=\u00bbround\u00bb color=\u00bbjuicy-pink\u00bb active_section=\u00bb1&#8243;][vc_tta_section title=\u00bb3 diciembre &#8211; EUROPE&#8217;S BEATING CANCER PLAN\u00bb tab_id=\u00bb1606341649147-2026ab53-8844&#8243;][vc_row_inner][vc_column_inner width=\u00bb1\/4&#8243;][vc_column_text css=\u00bb.vc_custom_1606341833829{margin-bottom: 0px !important;}\u00bb] 16:00 &#8211; 17:30 [\/vc_column_text][vc_column_text css=\u00bb.vc_custom_1606342709993{margin-bottom: 0px !important;}\u00bb]Sesi\u00f3n patrocinada por:[\/vc_column_text][vc_single_image image=\u00bb252&#8243; img_size=\u00bb200&#215;100&#8243;][\/vc_column_inner][vc_column_inner [&hellip;]<\/p>\n","protected":false},"author":1,"featured_media":0,"parent":0,"menu_order":0,"comment_status":"closed","ping_status":"closed","template":"","meta":{"_mi_skip_tracking":false},"_links":{"self":[{"href":"https:\/\/asebioevents.com\/health\/wp-json\/wp\/v2\/pages\/10"}],"collection":[{"href":"https:\/\/asebioevents.com\/health\/wp-json\/wp\/v2\/pages"}],"about":[{"href":"https:\/\/asebioevents.com\/health\/wp-json\/wp\/v2\/types\/page"}],"author":[{"embeddable":true,"href":"https:\/\/asebioevents.com\/health\/wp-json\/wp\/v2\/users\/1"}],"replies":[{"embeddable":true,"href":"https:\/\/asebioevents.com\/health\/wp-json\/wp\/v2\/comments?post=10"}],"version-history":[{"count":24,"href":"https:\/\/asebioevents.com\/health\/wp-json\/wp\/v2\/pages\/10\/revisions"}],"predecessor-version":[{"id":465,"href":"https:\/\/asebioevents.com\/health\/wp-json\/wp\/v2\/pages\/10\/revisions\/465"}],"wp:attachment":[{"href":"https:\/\/asebioevents.com\/health\/wp-json\/wp\/v2\/media?parent=10"}],"curies":[{"name":"wp","href":"https:\/\/api.w.org\/{rel}","templated":true}]}}