{"id":14,"date":"2019-06-26T11:21:47","date_gmt":"2019-06-26T09:21:47","guid":{"rendered":"https:\/\/asebioevents.com\/clinica-trials\/?page_id=14"},"modified":"2020-12-04T17:45:16","modified_gmt":"2020-12-04T16:45:16","slug":"sponsors","status":"publish","type":"page","link":"https:\/\/asebioevents.com\/health\/sponsors\/","title":{"rendered":"Sponsors"},"content":{"rendered":"[mk_page_section bg_image=\u00bbhttps:\/\/asebioevents.com\/health\/wp-content\/uploads\/sites\/5\/2020\/11\/dna-3539309-scaled.jpg\u00bb bg_position=\u00bbcenter center\u00bb bg_repeat=\u00bbno-repeat\u00bb bg_stretch=\u00bbtrue\u00bb video_color_mask=\u00bbrgba(77,140,43,0.6)\u00bb min_height=\u00bb250&#8243; full_width=\u00bbtrue\u00bb sidebar=\u00bbsidebar-1&#8243;][vc_column][mk_padding_divider size=\u00bb78&#8243;][vc_column_text css=\u00bb.vc_custom_1551280835483{margin-bottom: 0px !important;}\u00bb]\n<h2 style=\"text-align: center;\"><span style=\"color: #ffffff;\">SPONSORS<\/span><\/h2>\n[\/vc_column_text][mk_padding_divider][\/vc_column][\/mk_page_section][mk_page_section][vc_column][\/vc_column][vc_column][vc_row_inner][vc_column_inner width=\u00bb1\/4&#8243;][mk_padding_divider][vc_single_image image=\u00bb248&#8243; img_size=\u00bbmedium\u00bb][\/vc_column_inner][vc_column_inner width=\u00bb3\/4&#8243;][mk_padding_divider][vc_single_image image=\u00bb252&#8243; img_size=\u00bbmedium\u00bb alignment=\u00bbcenter\u00bb][\/vc_column_inner][\/vc_row_inner][vc_row_inner][vc_column_inner width=\u00bb1\/4&#8243;][vc_single_image image=\u00bb254&#8243; img_size=\u00bbmedium\u00bb][\/vc_column_inner][vc_column_inner width=\u00bb3\/4&#8243;][vc_single_image image=\u00bb256&#8243; img_size=\u00bb200&#215;50&#8243; alignment=\u00bbcenter\u00bb][\/vc_column_inner][\/vc_row_inner][vc_row_inner][vc_column_inner width=\u00bb1\/4&#8243;][vc_single_image image=\u00bb354&#8243; img_size=\u00bbmedium\u00bb][\/vc_column_inner][vc_column_inner width=\u00bb1\/4&#8243;][mk_padding_divider size=\u00bb20&#8243;][vc_single_image image=\u00bb373&#8243; img_size=\u00bb150&#215;50&#8243; alignment=\u00bbcenter\u00bb][\/vc_column_inner][vc_column_inner width=\u00bb1\/4&#8243;][\/vc_column_inner][vc_column_inner width=\u00bb1\/4&#8243;][vc_single_image image=\u00bb356&#8243; img_size=\u00bb150&#215;100&#8243; alignment=\u00bbcenter\u00bb][\/vc_column_inner][\/vc_row_inner][vc_row_inner][vc_column_inner width=\u00bb1\/2&#8243;][vc_column_text css=\u00bb.vc_custom_1606332405942{margin-bottom: 0px !important;}\u00bb]\n<p style=\"text-align: justify;\"><span style=\"color: #000000;\">El <strong>AseBio Health Innovation Forum<\/strong> le brinda la oportunidad de elevar el perfil de su participaci\u00f3n gracias a las distintas opciones de patrocinio disponibles.<\/span><\/p>\n<p style=\"text-align: justify;\"><span style=\"color: #000000;\">Consulte en nuestro documento de \u00aboportunidades de patrocinio\u00bb las distintas opciones que le permitir\u00e1 obtener beneficios adicionales como un n\u00famero extra de registros, aumentar la visibilidad de su marca y participar en el programa de conferencias como ponente.<\/span><\/p>\n<p style=\"text-align: justify;\"><span style=\"color: #000000;\">Adem\u00e1s, estar\u00e1 colaborando y apoyando la consolidaci\u00f3n de este evento organizado por AseBio, que pretende convertirse en el evento de desarrollo de negocio de referencia para la nueva econom\u00eda verde y sostenible.<\/span><\/p>\n<p><span style=\"color: #000000;\">Si desea informaci\u00f3n adicional a la que aparece en el documento de patrocinio o tiene una propuesta alternativa, por favor contacte con nosotros: David Fern\u00e1ndez &#8211; <a style=\"color: #000000;\" href=\"mailto:dfernandez@asebio.com\">dfernandez@asebio.com<\/a><\/span>[\/vc_column_text][\/vc_column_inner][vc_column_inner width=\u00bb1\/2&#8243;][vc_single_image image=\u00bb268&#8243; img_size=\u00bblarge\u00bb][mk_padding_divider size=\u00bb78&#8243;][vc_cta h2=\u00bbOportunidades de Patrocinio\u00bb txt_align=\u00bbcenter\u00bb color=\u00bbjuicy-pink\u00bb add_button=\u00bbbottom\u00bb btn_title=\u00bbDescargar documento\u00bb btn_style=\u00bboutline\u00bb btn_shape=\u00bbround\u00bb btn_color=\u00bbdanger\u00bb btn_align=\u00bbcenter\u00bb btn_i_icon_fontawesome=\u00bbfa fa-file-text-o\u00bb btn_add_icon=\u00bbtrue\u00bb btn_link=\u00bburl:https%3A%2F%2Fasebioevents.com%2Fhealth%2Fwp-content%2Fuploads%2Fsites%2F5%2F2020%2F12%2Fasebio-health-innovation-oportunidades-patrocinio-1.pdf||target:%20_blank|\u00bb][\/vc_cta][\/vc_column_inner][\/vc_row_inner][\/vc_column][\/mk_page_section]\n","protected":false},"excerpt":{"rendered":"<p>[mk_page_section bg_image=\u00bbhttps:\/\/asebioevents.com\/health\/wp-content\/uploads\/sites\/5\/2020\/11\/dna-3539309-scaled.jpg\u00bb bg_position=\u00bbcenter center\u00bb bg_repeat=\u00bbno-repeat\u00bb bg_stretch=\u00bbtrue\u00bb video_color_mask=\u00bbrgba(77,140,43,0.6)\u00bb min_height=\u00bb250&#8243; full_width=\u00bbtrue\u00bb sidebar=\u00bbsidebar-1&#8243;][vc_column][mk_padding_divider size=\u00bb78&#8243;][vc_column_text css=\u00bb.vc_custom_1551280835483{margin-bottom: 0px !important;}\u00bb] SPONSORS [\/vc_column_text][mk_padding_divider][\/vc_column][\/mk_page_section][mk_page_section][vc_column][\/vc_column][vc_column][vc_row_inner][vc_column_inner width=\u00bb1\/4&#8243;][mk_padding_divider][vc_single_image image=\u00bb248&#8243; img_size=\u00bbmedium\u00bb][\/vc_column_inner][vc_column_inner width=\u00bb3\/4&#8243;][mk_padding_divider][vc_single_image image=\u00bb252&#8243; img_size=\u00bbmedium\u00bb alignment=\u00bbcenter\u00bb][\/vc_column_inner][\/vc_row_inner][vc_row_inner][vc_column_inner width=\u00bb1\/4&#8243;][vc_single_image image=\u00bb254&#8243; img_size=\u00bbmedium\u00bb][\/vc_column_inner][vc_column_inner width=\u00bb3\/4&#8243;][vc_single_image image=\u00bb256&#8243; img_size=\u00bb200&#215;50&#8243; alignment=\u00bbcenter\u00bb][\/vc_column_inner][\/vc_row_inner][vc_row_inner][vc_column_inner width=\u00bb1\/4&#8243;][vc_single_image image=\u00bb354&#8243; img_size=\u00bbmedium\u00bb][\/vc_column_inner][vc_column_inner width=\u00bb1\/4&#8243;][mk_padding_divider size=\u00bb20&#8243;][vc_single_image image=\u00bb373&#8243; img_size=\u00bb150&#215;50&#8243; alignment=\u00bbcenter\u00bb][\/vc_column_inner][vc_column_inner width=\u00bb1\/4&#8243;][\/vc_column_inner][vc_column_inner width=\u00bb1\/4&#8243;][vc_single_image image=\u00bb356&#8243; img_size=\u00bb150&#215;100&#8243; alignment=\u00bbcenter\u00bb][\/vc_column_inner][\/vc_row_inner][vc_row_inner][vc_column_inner width=\u00bb1\/2&#8243;][vc_column_text css=\u00bb.vc_custom_1606332405942{margin-bottom: 0px !important;}\u00bb] El AseBio Health Innovation Forum le brinda la [&hellip;]<\/p>\n","protected":false},"author":1,"featured_media":0,"parent":0,"menu_order":0,"comment_status":"closed","ping_status":"closed","template":"","meta":{"_mi_skip_tracking":false},"_links":{"self":[{"href":"https:\/\/asebioevents.com\/health\/wp-json\/wp\/v2\/pages\/14"}],"collection":[{"href":"https:\/\/asebioevents.com\/health\/wp-json\/wp\/v2\/pages"}],"about":[{"href":"https:\/\/asebioevents.com\/health\/wp-json\/wp\/v2\/types\/page"}],"author":[{"embeddable":true,"href":"https:\/\/asebioevents.com\/health\/wp-json\/wp\/v2\/users\/1"}],"replies":[{"embeddable":true,"href":"https:\/\/asebioevents.com\/health\/wp-json\/wp\/v2\/comments?post=14"}],"version-history":[{"count":12,"href":"https:\/\/asebioevents.com\/health\/wp-json\/wp\/v2\/pages\/14\/revisions"}],"predecessor-version":[{"id":396,"href":"https:\/\/asebioevents.com\/health\/wp-json\/wp\/v2\/pages\/14\/revisions\/396"}],"wp:attachment":[{"href":"https:\/\/asebioevents.com\/health\/wp-json\/wp\/v2\/media?parent=14"}],"curies":[{"name":"wp","href":"https:\/\/api.w.org\/{rel}","templated":true}]}}