{"id":8,"date":"2019-06-26T10:54:17","date_gmt":"2019-06-26T08:54:17","guid":{"rendered":"https:\/\/asebioevents.com\/clinica-trials\/?page_id=8"},"modified":"2020-12-15T11:33:43","modified_gmt":"2020-12-15T10:33:43","slug":"home","status":"publish","type":"page","link":"https:\/\/asebioevents.com\/health\/","title":{"rendered":"Home"},"content":{"rendered":"[mk_page_section bg_image=\u00bbhttps:\/\/asebioevents.com\/health\/wp-content\/uploads\/sites\/5\/2020\/10\/banner-health-innovation-forum-2020.-con-fecha-1.png\u00bb bg_position=\u00bbcenter bottom\u00bb bg_stretch=\u00bbtrue\u00bb full_width=\u00bbtrue\u00bb full_height=\u00bbtrue\u00bb sidebar=\u00bbsidebar-1&#8243;][vc_column width=\u00bb1\/2&#8243;][\/vc_column][\/mk_page_section][mk_page_section full_width=\u00bbtrue\u00bb margin_bottom=\u00bb10&#8243; sidebar=\u00bbsidebar-1&#8243;][vc_column][mk_padding_divider][vc_row_inner][vc_column_inner width=\u00bb1\/4&#8243;][vc_single_image image=\u00bb94&#8243; img_size=\u00bbmedium\u00bb][\/vc_column_inner][vc_column_inner width=\u00bb3\/4&#8243;][vc_column_text css=\u00bb.vc_custom_1604019441930{margin-bottom: 0px !important;}\u00bb]AseBio quiere resaltar la importancia de la biotecnolog\u00eda en la estrategia de recuperaci\u00f3n de Europa y particularmente de Espa\u00f1a, para as\u00ed estar preparados frente a futuros retos sanitarios, alcanzar una sociedad m\u00e1s sana e impulsar un nuevo ciclo de crecimiento econ\u00f3mico verde y sostenible.[\/vc_column_text][vc_column_text css=\u00bb.vc_custom_1606293535216{margin-bottom: 0px !important;}\u00bb]<strong>El AseBio Health Innovation Forum es un evento que tiene como objetivo situar la Biotecnolog\u00eda y las Ciencias de la Vida en el coraz\u00f3n de la Estrategia de Reconstrucci\u00f3n de Espa\u00f1a.<\/strong>[\/vc_column_text][\/vc_column_inner][\/vc_row_inner][mk_padding_divider][vc_row_inner][vc_column_inner width=\u00bb1\/4&#8243;][vc_single_image image=\u00bb169&#8243; img_size=\u00bbmedium\u00bb][\/vc_column_inner][vc_column_inner width=\u00bb3\/4&#8243;][vc_column_text css=\u00bb.vc_custom_1606299436941{margin-bottom: 0px !important;}\u00bb]Todos los participantes inscritos en el <strong>AseBio Health Innovation Foru<\/strong>m, adem\u00e1s de poder asistir al programa, tendr\u00e1n la oportunidad de organizar una agenda de reuniones 1:1 gracias a nuestra herramienta de partnering. Gracias a tu perfil personal y de empresa, podr\u00e1s contactar con el resto de participantes. <strong>Aprovecha al m\u00e1ximo tu participaci\u00f3n generando nuevas oportunidades de negocio y de colaboraci\u00f3n.<\/strong>[\/vc_column_text][vc_btn title=\u00bbPartnering Log In\u00bb shape=\u00bbround\u00bb color=\u00bbdanger\u00bb][\/vc_column_inner][\/vc_row_inner][mk_padding_divider][vc_row_inner][vc_column_inner width=\u00bb1\/5&#8243;][vc_single_image image=\u00bb171&#8243; img_size=\u00bbmedium\u00bb][\/vc_column_inner][vc_column_inner width=\u00bb1\/5&#8243;][vc_single_image image=\u00bb151&#8243; alignment=\u00bbcenter\u00bb][\/vc_column_inner][vc_column_inner width=\u00bb1\/5&#8243;][vc_single_image image=\u00bb149&#8243; alignment=\u00bbcenter\u00bb][\/vc_column_inner][vc_column_inner width=\u00bb1\/5&#8243;][vc_single_image image=\u00bb145&#8243; alignment=\u00bbcenter\u00bb][\/vc_column_inner][vc_column_inner width=\u00bb1\/5&#8243;][vc_single_image image=\u00bb147&#8243;][\/vc_column_inner][\/vc_row_inner][mk_padding_divider][vc_row_inner][vc_column_inner width=\u00bb1\/4&#8243;][vc_single_image image=\u00bb163&#8243; img_size=\u00bbmedium\u00bb][\/vc_column_inner][vc_column_inner width=\u00bb3\/4&#8243;][vc_column_text css=\u00bb.vc_custom_1606298394603{margin-bottom: 0px !important;}\u00bb]La carta de misi\u00f3n de la nueva Comisaria Europea de Salud y Seguridad Alimentaria, Stella Kyriakides incluye el Plan Europeo de Lucha contra el Cancer como una de sus misiones. A este respecto, este plan deber\u00e1 de dar apoyo a los estados miembros para mejorar la prevenci\u00f3n y cuidado de esta enfermedad con acciones que fortalezcan de forma global su tratamiento: prevenci\u00f3n, diagn\u00f3stico temprano, tratamiento y calidad de vida. Tambi\u00e9n se reforzar\u00e1 la conexi\u00f3n con la misi\u00f3n de c\u00e1ncer del futuro programa Horizonte Europa<\/p>\n<p>Este plan dar\u00e1 apoyo efectivo, accesible y resiliente a los sistemas de salud de los diferentes estados miembro para asegurar que todos los pa\u00edses que forman parte de la Uni\u00f3n pueden acceder a una prevenci\u00f3n y cuidados efectivos.<\/p>\n<p>En esta sesi\u00f3n se expondr\u00e1n:<\/p>\n<ul>\n<li>Los principales objetivos de este plan.<\/li>\n<li>El potencial impacto en el ecosistema de investigaci\u00f3n, desarrollo e innovaci\u00f3n de nuestro pa\u00eds.<\/li>\n<li>Como se alinear\u00e1 con la nueva Estrategia en C\u00e1ncer del Ministerio de Sanidad de Espa\u00f1a.<\/li>\n<\/ul>\n[\/vc_column_text][vc_btn title=\u00bbM\u00e1s informaci\u00f3n aqu\u00ed\u00bb shape=\u00bbround\u00bb color=\u00bbpink\u00bb link=\u00bburl:https%3A%2F%2Fasebioevents.com%2Fhealth%2Fprograma%2F|||\u00bb][\/vc_column_inner][\/vc_row_inner][mk_padding_divider][vc_row_inner][vc_column_inner width=\u00bb1\/4&#8243;][vc_single_image image=\u00bb161&#8243; img_size=\u00bbmedium\u00bb][\/vc_column_inner][vc_column_inner width=\u00bb3\/4&#8243;][vc_column_text css=\u00bb.vc_custom_1606818256195{margin-bottom: 0px !important;}\u00bb]El desarrollo de la gen\u00f3mica y la prote\u00f3mica, y el conocimiento de las bases moleculares asociadas a las enfermedades ha permitido el advenimiento de una nueva era en la medicina, la era de la medicina de precisi\u00f3n. Gracias al avance de la investigaci\u00f3n biom\u00e9dica, cada vez disponemos de mayor conocimiento de las alteraciones en el genoma responsables de enfermedades como el c\u00e1ncer, as\u00ed como aquellos marcadores asociados al metabolismo de determinados f\u00e1rmacos y por tanto, de su tolerabilidad y toxicidad.<\/p>\n<p>De esta forma, la medicina de precisi\u00f3n est\u00e1 revolucionando la forma en la que se tratan una gran parte de las enfermedades que sufrimos, permitiendo administrar el mejor tratamiento disponible a cada paciente, en funci\u00f3n de sus caracter\u00edsticas particulares, sin tener que recurrir al m\u00e9todo de la prueba-error. Asimismo, la medicina de precisi\u00f3n ha cambiado sustancialmente la forma en la que desarrollamos nuevos tratamientos en muchas \u00e1reas terap\u00e9uticas, y particularmente, en oncolog\u00eda. En descubrimiento de alteraciones gen\u00e9ticas comunes en m\u00faltiples tipos tumorales est\u00e1 permitiendo el desarrollo de f\u00e1rmacos dirigidos a dianas comunes en distintos c\u00e1nceres. Asimismo, el incremento del arsenal terap\u00e9utico se ha ampliado considerablemente con f\u00e1rmacos con mecanismos de acci\u00f3n novedosos. Ante el impacto positivo de estos nuevos abordajes terap\u00e9uticos en las expectativas de tratamiento de los pacientes, las agencias reguladoras han respondido innovando en sus procesos, aprobando nuevos f\u00e1rmacos con ensayos cl\u00ednicos en fase I\/II. Y esta innovaci\u00f3n ha venido acompa\u00f1ada de cambios sin precedentes en el dise\u00f1o de los ensayos cl\u00ednicos en fases tempranas con estudios adaptativos con dise\u00f1os basket y umbrela dirigidos a desarrollar conjuntamente bomarcadores y f\u00e1rmacos.<\/p>\n<p>No cabe duda de que el desarrollo y la adopci\u00f3n de la medicina de precisi\u00f3n supone grandes retos para los sistemas sanitarios y desaf\u00eda los modelos cl\u00e1sicos de desarrollo y acceso de la innovaci\u00f3n. Pero en la misma medida, supone una gran oportunidad para ser m\u00e1s eficientes en la prestaci\u00f3n de la atenci\u00f3n sanitaria, mejorar las expectativas de tratamiento y la calidad de vida de los pacientes, y generar oportunidades de desarrollo econ\u00f3mico. \u00bfC\u00f3mo podemos prepararnos para esta nueva \u00e9poca y aprovechar al m\u00e1ximo sus oportunidades?[\/vc_column_text][vc_btn title=\u00bbM\u00e1s informaci\u00f3n aqu\u00ed\u00bb shape=\u00bbround\u00bb color=\u00bbpink\u00bb link=\u00bburl:https%3A%2F%2Fasebioevents.com%2Fhealth%2Fprograma%2F|||\u00bb][\/vc_column_inner][\/vc_row_inner][mk_padding_divider][vc_row_inner][vc_column_inner width=\u00bb1\/4&#8243;][vc_single_image image=\u00bb165&#8243; img_size=\u00bbmedium\u00bb][\/vc_column_inner][vc_column_inner width=\u00bb3\/4&#8243;][vc_column_text css=\u00bb.vc_custom_1606301665435{margin-bottom: 0px !important;}\u00bb]El Plan de Recuperaci\u00f3n de la Uni\u00f3n Europea, que movilizar\u00e1 recursos para abordar los riesgos a los que se enfrenta Europa y.<\/p>\n<p>Para construir una Uni\u00f3n Europea m\u00e1s resiliente, la nueva estrategia farmac\u00e9utica abordar\u00e1 los riesgos que han quedado expuestos durante la reciente crisis sanitaria, como por ejemplo la capacidad de producci\u00f3n de medicamentos, que puede poner en peligro la autonom\u00eda estrat\u00e9gica de Europa.<\/p>\n<p>Para hacer frente a estos retos, se crear\u00e1 un marco regulatorio y de apoyo a la industria y al sistema de I+D para que los tratamientos lleguen a los pacientes incluso en \u00e9pocas de inestabilidad como la actual.<\/p>\n<p>En esta sesi\u00f3n podremos conocer:<\/p>\n<ul>\n<li>La nueva estrategia europea al ecosistema biotecnol\u00f3gico (p\u00fablico y privado) de Espa\u00f1a.<\/li>\n<li>Como las empresas y entidades asociadas a AseBio pueden contribuir a implementar este plan en Espa\u00f1a.<\/li>\n<\/ul>\n[\/vc_column_text][vc_btn title=\u00bbM\u00e1s informaci\u00f3n aqu\u00ed\u00bb shape=\u00bbround\u00bb color=\u00bbpink\u00bb link=\u00bburl:https%3A%2F%2Fasebioevents.com%2Fhealth%2Fprograma%2F|||\u00bb][\/vc_column_inner][\/vc_row_inner][mk_padding_divider][vc_row_inner][vc_column_inner width=\u00bb1\/4&#8243;][vc_single_image image=\u00bb167&#8243; img_size=\u00bbmedium\u00bb][\/vc_column_inner][vc_column_inner width=\u00bb3\/4&#8243;][vc_column_text css=\u00bb.vc_custom_1606301810322{margin-bottom: 0px !important;}\u00bb]Los avances en el campo de la investigaci\u00f3n biotecnolog\u00eda obtenidos durante los \u00faltimos a\u00f1os han permitido el desarrollo de estrategias cient\u00edficas innovadoras y revolucionarias basadas en la terapia g\u00e9nica, la terapia celular som\u00e1tica y la ingenier\u00eda tisular, dando lugar a una nueva categor\u00eda de medicamentos conocido como terapias avanzadas.<\/p>\n<p>Desde 2001 la regulaci\u00f3n a nivel europeo y nacional ha ido configurando el marco de trabajo de empresas y sector p\u00fablico en la producci\u00f3n y uso de medicamentos de terapias avanzadas.<\/p>\n<p>Espa\u00f1a se ha posicionado como un pa\u00eds referente en terapias avanzadas tanto en investigaci\u00f3n como en iniciativas gubernamentales con un Plan de Abordaje a nivel estatal.<\/p>\n<p>Es buen momento para poner en valor las terapias avanzadas y el trabajo colaborativo que se est\u00e1 realizando y que se necesita hacer, ya que se espera que en un futuro pr\u00f3ximo este grupo de medicamentos se posicionen como piedra angular del tratamiento de numerosas enfermedades graves con importantes necesidades m\u00e9dicas todav\u00eda por cubrir. Tanto es as\u00ed, que actualmente hay cerca de 960 terapias avanzadas en fase de I+D en el mundo para el tratamiento de un centenar de patolog\u00edas, de las cuales el 53% se dirigen a tratar distintos tipos de c\u00e1ncer.[\/vc_column_text][vc_btn title=\u00bbM\u00e1s informaci\u00f3n aqu\u00ed\u00bb shape=\u00bbround\u00bb color=\u00bbpink\u00bb link=\u00bburl:https%3A%2F%2Fasebioevents.com%2Fhealth%2Fprograma%2F|||\u00bb][\/vc_column_inner][\/vc_row_inner][mk_padding_divider][vc_row_inner][vc_column_inner width=\u00bb1\/4&#8243;][vc_single_image image=\u00bb173&#8243; img_size=\u00bbmedium\u00bb][\/vc_column_inner][vc_column_inner width=\u00bb1\/4&#8243;][\/vc_column_inner][vc_column_inner width=\u00bb1\/4&#8243;][\/vc_column_inner][vc_column_inner width=\u00bb1\/4&#8243;][\/vc_column_inner][\/vc_row_inner][vc_row_inner][vc_column_inner width=\u00bb1\/4&#8243;][vc_single_image image=\u00bb175&#8243; img_size=\u00bb100&#215;100&#8243; alignment=\u00bbcenter\u00bb onclick=\u00bbcustom_link\u00bb img_link_target=\u00bb_blank\u00bb link=\u00bbhttps:\/\/www.biocat.cat\/es\u00bb][\/vc_column_inner][vc_column_inner width=\u00bb1\/4&#8243;][vc_single_image image=\u00bb458&#8243; img_size=\u00bbmedium\u00bb onclick=\u00bbcustom_link\u00bb img_link_target=\u00bb_blank\u00bb link=\u00bbhttps:\/\/www.biodeutschland.org\/en\/\u00bb][\/vc_column_inner][vc_column_inner width=\u00bb1\/4&#8243;][vc_single_image image=\u00bb177&#8243; img_size=\u00bb300&#215;85&#8243; onclick=\u00bbcustom_link\u00bb img_link_target=\u00bb_blank\u00bb link=\u00bbhttps:\/\/www.bioga.org\/?lang=es\u00bb][\/vc_column_inner][vc_column_inner width=\u00bb1\/4&#8243;][vc_single_image image=\u00bb179&#8243; img_size=\u00bb300&#215;150&#8243; alignment=\u00bbcenter\u00bb onclick=\u00bbcustom_link\u00bb img_link_target=\u00bb_blank\u00bb link=\u00bbhttps:\/\/www.bioib.org\/\u00bb][\/vc_column_inner][\/vc_row_inner][vc_row_inner][vc_column_inner width=\u00bb1\/4&#8243;][vc_single_image image=\u00bb385&#8243; img_size=\u00bbmedium\u00bb alignment=\u00bbcenter\u00bb onclick=\u00bbcustom_link\u00bb img_link_target=\u00bb_blank\u00bb link=\u00bbhttps:\/\/www.biopartner.co.uk\/\u00bb][\/vc_column_inner][vc_column_inner width=\u00bb1\/4&#8243;][vc_single_image image=\u00bb181&#8243; img_size=\u00bb250&#215;100&#8243; alignment=\u00bbcenter\u00bb onclick=\u00bbcustom_link\u00bb img_link_target=\u00bb_blank\u00bb link=\u00bbhttps:\/\/www.cataloniabioht.org\/?lang=es\u00bb][vc_raw_html][\/vc_raw_html][\/vc_column_inner][vc_column_inner width=\u00bb1\/4&#8243;][vc_single_image image=\u00bb378&#8243; img_size=\u00bb300&#215;50&#8243; alignment=\u00bbcenter\u00bb onclick=\u00bbcustom_link\u00bb img_link_target=\u00bb_blank\u00bb link=\u00bbhttps:\/\/www.enterpriseflorida.com\/\u00bb][mk_padding_divider][\/vc_column_inner][vc_column_inner width=\u00bb1\/4&#8243;][vc_single_image image=\u00bb185&#8243; img_size=\u00bb150&#215;100&#8243; alignment=\u00bbcenter\u00bb onclick=\u00bbcustom_link\u00bb img_link_target=\u00bb_blank\u00bb link=\u00bbhttps:\/\/www.europabio.org\/\u00bb][\/vc_column_inner][\/vc_row_inner][vc_row_inner][vc_column_inner width=\u00bb1\/4&#8243;][vc_single_image image=\u00bb380&#8243; img_size=\u00bb320&#215;110&#8243; onclick=\u00bbcustom_link\u00bb img_link_target=\u00bb_blank\u00bb link=\u00bbhttp:\/\/www.foarbi.org.ar\/ppal\/\u00bb][\/vc_column_inner][vc_column_inner width=\u00bb1\/4&#8243;][vc_single_image image=\u00bb382&#8243; img_size=\u00bb250&#215;150&#8243; alignment=\u00bbcenter\u00bb onclick=\u00bbcustom_link\u00bb img_link_target=\u00bb_blank\u00bb link=\u00bbhttps:\/\/flanders.bio\/en\u00bb][\/vc_column_inner][vc_column_inner width=\u00bb1\/4&#8243;][vc_single_image image=\u00bb183&#8243; img_size=\u00bb350&#215;80&#8243; alignment=\u00bbcenter\u00bb onclick=\u00bbcustom_link\u00bb img_link_target=\u00bb_blank\u00bb link=\u00bbhttps:\/\/empresas.jcyl.es\/web\/es\/empresas-castilla-leon.html\u00bb][\/vc_column_inner][vc_column_inner width=\u00bb1\/4&#8243;][mk_padding_divider][vc_single_image image=\u00bb233&#8243; img_size=\u00bb400&#215;65&#8243; onclick=\u00bbcustom_link\u00bb img_link_target=\u00bb_blank\u00bb link=\u00bbhttp:\/\/www.pcb.ub.edu\/es\/\u00bb][\/vc_column_inner][\/vc_row_inner][vc_row_inner][vc_column_inner width=\u00bb1\/4&#8243;][vc_single_image image=\u00bb235&#8243; img_size=\u00bb250&#215;100&#8243; onclick=\u00bbcustom_link\u00bb img_link_target=\u00bb_blank\u00bb link=\u00bbhttps:\/\/www.ptsgranada.com\/\u00bb][\/vc_column_inner][vc_column_inner width=\u00bb1\/4&#8243;][vc_single_image image=\u00bb400&#8243; img_size=\u00bbmedium\u00bb alignment=\u00bbcenter\u00bb onclick=\u00bbcustom_link\u00bb img_link_target=\u00bb_blank\u00bb link=\u00bbhttps:\/\/www.sdi.co.uk\/\u00bb][\/vc_column_inner][vc_column_inner width=\u00bb1\/4&#8243;][\/vc_column_inner][vc_column_inner width=\u00bb1\/4&#8243;][\/vc_column_inner][\/vc_row_inner][mk_padding_divider][vc_row_inner][vc_column_inner width=\u00bb1\/4&#8243;][\/vc_column_inner][vc_column_inner width=\u00bb1\/4&#8243;][\/vc_column_inner][vc_column_inner width=\u00bb1\/4&#8243;][\/vc_column_inner][vc_column_inner width=\u00bb1\/4&#8243;][\/vc_column_inner][\/vc_row_inner][vc_row_inner][vc_column_inner width=\u00bb1\/4&#8243;][vc_single_image image=\u00bb230&#8243; img_size=\u00bbmedium\u00bb][\/vc_column_inner][vc_column_inner width=\u00bb1\/4&#8243;][\/vc_column_inner][vc_column_inner width=\u00bb1\/4&#8243;][vc_single_image image=\u00bb41&#8243; img_size=\u00bbmedium\u00bb onclick=\u00bbcustom_link\u00bb img_link_target=\u00bb_blank\u00bb link=\u00bbhttps:\/\/www.asebio.com\/\u00bb][\/vc_column_inner][vc_column_inner width=\u00bb1\/4&#8243;][\/vc_column_inner][\/vc_row_inner][vc_row_inner][vc_column_inner width=\u00bb1\/4&#8243;][\/vc_column_inner][vc_column_inner width=\u00bb1\/4&#8243;][vc_single_image image=\u00bb192&#8243; img_size=\u00bb450&#215;100&#8243; onclick=\u00bbcustom_link\u00bb img_link_target=\u00bb_blank\u00bb link=\u00bbhttps:\/\/www.icex.es\/icex\/es\/index.html\u00bb][\/vc_column_inner][vc_column_inner width=\u00bb1\/4&#8243;][vc_single_image image=\u00bb194&#8243; img_size=\u00bb250&#215;60&#8243; onclick=\u00bbcustom_link\u00bb img_link_target=\u00bb_blank\u00bb link=\u00bbhttps:\/\/www.icex.es\/icex\/es\/index.html\u00bb][\/vc_column_inner][vc_column_inner width=\u00bb1\/4&#8243;][vc_single_image image=\u00bb196&#8243; img_size=\u00bb250&#215;100&#8243;][\/vc_column_inner][\/vc_row_inner][vc_row_inner][vc_column_inner][vc_single_image image=\u00bb198&#8243; img_size=\u00bb450&#215;50&#8243; alignment=\u00bbcenter\u00bb onclick=\u00bbcustom_link\u00bb img_link_target=\u00bb_blank\u00bb link=\u00bbhttps:\/\/mercadosbiotecnologicos.com\/\u00bb][\/vc_column_inner][\/vc_row_inner][mk_padding_divider][\/vc_column][\/mk_page_section][vc_column][\/vc_column][vc_column][\/vc_column]\n","protected":false},"excerpt":{"rendered":"<p>[mk_page_section bg_image=\u00bbhttps:\/\/asebioevents.com\/health\/wp-content\/uploads\/sites\/5\/2020\/10\/banner-health-innovation-forum-2020.-con-fecha-1.png\u00bb bg_position=\u00bbcenter bottom\u00bb bg_stretch=\u00bbtrue\u00bb full_width=\u00bbtrue\u00bb full_height=\u00bbtrue\u00bb sidebar=\u00bbsidebar-1&#8243;][vc_column width=\u00bb1\/2&#8243;][\/vc_column][\/mk_page_section][mk_page_section full_width=\u00bbtrue\u00bb margin_bottom=\u00bb10&#8243; sidebar=\u00bbsidebar-1&#8243;][vc_column][mk_padding_divider][vc_row_inner][vc_column_inner width=\u00bb1\/4&#8243;][vc_single_image image=\u00bb94&#8243; img_size=\u00bbmedium\u00bb][\/vc_column_inner][vc_column_inner width=\u00bb3\/4&#8243;][vc_column_text css=\u00bb.vc_custom_1604019441930{margin-bottom: 0px !important;}\u00bb]AseBio quiere resaltar la importancia de la biotecnolog\u00eda en la estrategia de recuperaci\u00f3n de Europa y particularmente de Espa\u00f1a, para as\u00ed estar preparados frente a futuros retos sanitarios, alcanzar una sociedad m\u00e1s sana e impulsar un nuevo [&hellip;]<\/p>\n","protected":false},"author":1,"featured_media":0,"parent":0,"menu_order":0,"comment_status":"closed","ping_status":"closed","template":"","meta":{"_mi_skip_tracking":false},"_links":{"self":[{"href":"https:\/\/asebioevents.com\/health\/wp-json\/wp\/v2\/pages\/8"}],"collection":[{"href":"https:\/\/asebioevents.com\/health\/wp-json\/wp\/v2\/pages"}],"about":[{"href":"https:\/\/asebioevents.com\/health\/wp-json\/wp\/v2\/types\/page"}],"author":[{"embeddable":true,"href":"https:\/\/asebioevents.com\/health\/wp-json\/wp\/v2\/users\/1"}],"replies":[{"embeddable":true,"href":"https:\/\/asebioevents.com\/health\/wp-json\/wp\/v2\/comments?post=8"}],"version-history":[{"count":26,"href":"https:\/\/asebioevents.com\/health\/wp-json\/wp\/v2\/pages\/8\/revisions"}],"predecessor-version":[{"id":460,"href":"https:\/\/asebioevents.com\/health\/wp-json\/wp\/v2\/pages\/8\/revisions\/460"}],"wp:attachment":[{"href":"https:\/\/asebioevents.com\/health\/wp-json\/wp\/v2\/media?parent=8"}],"curies":[{"name":"wp","href":"https:\/\/api.w.org\/{rel}","templated":true}]}}